{"id":1309,"date":"2021-05-24T09:28:34","date_gmt":"2021-05-24T07:28:34","guid":{"rendered":"https:\/\/www.lehena.com\/accueil\/"},"modified":"2023-06-01T15:30:24","modified_gmt":"2023-06-01T13:30:24","slug":"accueil","status":"publish","type":"page","link":"https:\/\/www.lehena.com\/es\/","title":{"rendered":"Accueil"},"content":{"rendered":"<section id=\"section-60abb4b564d31\"\" class=\"section first-home bg-white\" \/><div class=\"container full\"><div class=\"colonnes-wrap valign-middle \"><div class=\"element colonne w-25 border-right\"><div class=\"element images\"><div class=\"image\"><img decoding=\"async\" src=\"https:\/\/www.lehena.com\/wp-content\/uploads\/2021\/05\/lehena-hendaye-100x31.png\" data-src=\"https:\/\/www.lehena.com\/wp-content\/uploads\/2021\/05\/lehena-hendaye.png\" alt=\"lehena ecole de surf hendaye\" class=\"images_image\" \/><\/div><\/div><h1 class=\"element section-title justify\">Escuela <br\/>de surf <br\/>en Hendaya<\/h1><\/div><div class=\"element colonne w-75 p-l-4\"><h2 class=\"element section-title justify\">La escuela de surf en Hendaya :<br \/>Cursos de surf en la playa de Hendaya<\/h2><div class=\"element bloc-text justify \">\n\t<p>Lehena, la primera escuela de surf de Hendaya, ofrece clases de surf profesionales con material de calidad. Nuestros instructores te guiar\u00e1n en tus primeras olas o te ayudar\u00e1n a mejorar tus habilidades. Abierta de Semana Santa a Todos los Santos, la escuela de surf de Lehena est\u00e1 certificada por la Federaci\u00f3n Francesa de Surf.<\/p>\n<p>Descubra todas nuestras f\u00f3rmulas para elegir el curso que mejor se adapte a sus expectativas. Te ofrecemos clases particulares para una r\u00e1pida progresi\u00f3n con nuestros instructores que te dar\u00e1n todos los consejos t\u00e9cnicos necesarios, as\u00ed como clases en grupo para progresar en un ambiente m\u00e1s amigable. Apasionado y educativo, el equipo de Lehena compartir\u00e1 con usted sus conocimientos y su pasi\u00f3n.<\/p>\n<\/div><\/div><\/div><\/div><\/section>\n\n<section id=\"section-60abb4b5653a7\"\" class=\"section second-home bg-white\" \/><div class=\"container full\"><div class=\"colonnes-wrap valign-top \"><div class=\"element colonne w-40 p-0\"><div class=\"element call-to-action  call-to-action--style-1 call-to-action--big\"><a href=\"https:\/\/www.lehena.com\/es\/equipo-surf-hendaya\/#section-julien\"  class=\"call-to-action_link\" title=\"M\u00e1s informaci\u00f3n julien\"><div class=\"call-to-action_image\"><img decoding=\"async\" src=\"https:\/\/www.lehena.com\/wp-content\/uploads\/2021\/07\/julien-lehena-100x67.jpg\" data-src=\"https:\/\/www.lehena.com\/wp-content\/uploads\/2021\/07\/julien-lehena.jpg\" alt=\"julien lehena\" class=\"big\" \/><\/div><div class=\"call-to-action_contenu\"><div class=\"call-to-action_titre\">Julien<\/div><\/div><\/a><\/div><\/div><div class=\"element colonne w-40 p-0\"><div class=\"element call-to-action  call-to-action--style-1 call-to-action--big\"><a href=\"https:\/\/www.lehena.com\/es\/equipo-surf-hendaya\/#section-battitt\"  class=\"call-to-action_link\" title=\"M\u00e1s informaci\u00f3n battitt\"><div class=\"call-to-action_image\"><img decoding=\"async\" src=\"https:\/\/www.lehena.com\/wp-content\/uploads\/2021\/05\/ecole-surf-hendaye-100x56.jpg\" data-src=\"https:\/\/www.lehena.com\/wp-content\/uploads\/2021\/05\/ecole-surf-hendaye.jpg\" alt=\"\u00e9cole surf hendaye\" class=\"big\" \/><\/div><div class=\"call-to-action_contenu\"><div class=\"call-to-action_titre\">Battitt<\/div><\/div><\/a><\/div><\/div><div class=\"element colonne w-20 p-y-10 p-x-6 bg-color1\"><div class=\"element section-title justify m-0\">El esp\u00edritu<\/div><div class=\"element images\"><div class=\"image\"><img decoding=\"async\" src=\"https:\/\/www.lehena.com\/wp-content\/uploads\/2021\/05\/lehena-100x33.png\" data-src=\"https:\/\/www.lehena.com\/wp-content\/uploads\/2021\/05\/lehena.png\" alt=\"lehena ecole de surf\" class=\"images_image p-b-3\" \/><\/div><\/div><\/div><\/div><div class=\"colonnes-wrap valign-top \"><div class=\"element colonne  p-0\"><div class=\"element call-to-action  call-to-action--style-1 call-to-action--big\"><a href=\"https:\/\/www.lehena.com\/es\/equipo-surf-hendaya\/#section-ione\"  class=\"call-to-action_link\" title=\"M\u00e1s informaci\u00f3n ione\"><div class=\"call-to-action_image\"><img decoding=\"async\" src=\"https:\/\/www.lehena.com\/wp-content\/uploads\/2023\/05\/PHOTO-2023-05-30-12-44-29-1-100x67.jpg\" data-src=\"https:\/\/www.lehena.com\/wp-content\/uploads\/2023\/05\/PHOTO-2023-05-30-12-44-29-1.jpg\" alt=\"PHOTO-2023-05-30-12-44-29 (1)\" class=\"big\" \/><\/div><div class=\"call-to-action_contenu\"><div class=\"call-to-action_titre\">Ione<\/div><\/div><\/a><\/div><\/div><div class=\"element colonne  p-0\"><div class=\"element call-to-action  call-to-action--style-1 call-to-action--big\"><a href=\"https:\/\/www.lehena.com\/es\/equipo-surf-hendaya\/#section-paolo\"  class=\"call-to-action_link\" title=\"M\u00e1s informaci\u00f3n paolo\"><div class=\"call-to-action_image\"><img decoding=\"async\" src=\"https:\/\/www.lehena.com\/wp-content\/uploads\/2023\/06\/paolo-vagues-100x98.jpeg\" data-src=\"https:\/\/www.lehena.com\/wp-content\/uploads\/2023\/06\/paolo-vagues.jpeg\" alt=\"paolo-vagues\" class=\"big\" \/><\/div><div class=\"call-to-action_contenu\"><div class=\"call-to-action_titre\">Paolo<\/div><\/div><\/a><\/div><\/div><div class=\"element colonne  p-0\"><div class=\"element call-to-action  call-to-action--style-1 call-to-action--big\"><a href=\"https:\/\/www.lehena.com\/es\/equipo-surf-hendaya\/#section-ananda\"  class=\"call-to-action_link\" title=\"M\u00e1s informaci\u00f3n ananda\"><div class=\"call-to-action_image\"><img decoding=\"async\" src=\"https:\/\/www.lehena.com\/wp-content\/uploads\/2021\/07\/ananda-prof-surf-hendaye-100x97.jpg\" data-src=\"https:\/\/www.lehena.com\/wp-content\/uploads\/2021\/07\/ananda-prof-surf-hendaye.jpg\" alt=\"ananda prof surf hendaye\" class=\"big\" \/><\/div><div class=\"call-to-action_contenu\"><div class=\"call-to-action_titre\">Ananda<\/div><\/div><\/a><\/div><\/div><div class=\"element colonne  p-0\"><div class=\"element call-to-action  call-to-action--style-1 call-to-action--big\"><a href=\"https:\/\/www.lehena.com\/es\/preguntas-escuela-surf-hendaya\/#faq\"  class=\"call-to-action_link\" title=\"M\u00e1s informaci\u00f3n preguntas frecuentes\"><div class=\"call-to-action_image\"><img decoding=\"async\" src=\"https:\/\/www.lehena.com\/wp-content\/uploads\/2021\/07\/cours-surf-entreprise-pays-basque-100x97.jpg\" data-src=\"https:\/\/www.lehena.com\/wp-content\/uploads\/2021\/07\/cours-surf-entreprise-pays-basque.jpg\" alt=\"cours surf- entreprise pays basque\" class=\"big\" \/><\/div><div class=\"call-to-action_contenu\"><div class=\"call-to-action_titre\">Preguntas frecuentes<\/div><\/div><\/a><\/div><\/div><\/div><\/div><\/section>\n\n<section id=\"section-60abb4b565865\"\" class=\"section third-home bg-white\" \/><div class=\"container extralarge\"><h2 class=\"element section-title center\">Clases de surf en nuestra escuela<\/h2><div class=\"element images\"><div class=\"image\"><img decoding=\"async\" src=\"https:\/\/www.lehena.com\/wp-content\/uploads\/2021\/05\/surf-lehena-100x8.png\" data-src=\"https:\/\/www.lehena.com\/wp-content\/uploads\/2021\/05\/surf-lehena.png\" alt=\"cours de surf pays basque\" class=\"images_image\" \/><\/div><\/div><div class=\"colonnes-wrap valign-top m-t-6\"><div class=\"element colonne \"><div class=\"element call-to-action  call-to-action--style-1 call-to-action--have-description call-to-action--big\"><a href=\"https:\/\/www.lehena.com\/es\/clases-surf-hendaya\/\"  class=\"call-to-action_link\" title=\"M\u00e1s informaci\u00f3n las clases particulares y en grupo\"><div class=\"call-to-action_image\"><img decoding=\"async\" src=\"https:\/\/www.lehena.com\/wp-content\/uploads\/2021\/07\/cours-surf-hendaye-1-100x67.jpg\" data-src=\"https:\/\/www.lehena.com\/wp-content\/uploads\/2021\/07\/cours-surf-hendaye-1.jpg\" alt=\"cours surf hendaye\" class=\"big\" \/><\/div><div class=\"call-to-action_contenu\"><div class=\"call-to-action_titre\">Las clases particulares y en grupo<\/div><div class=\"call-to-action_description\">En clases particulares o en grupo, aprenda a surfear o mejore sus habilidades con nuestros instructores profesionales en un ambiente c\u00e1lido y agradable.<\/div><\/div><\/a><\/div><\/div><div class=\"element colonne \"><div class=\"element call-to-action  call-to-action--style-1 call-to-action--have-description call-to-action--big\"><a href=\"https:\/\/www.lehena.com\/es\/clases-surf-hendaya\/#section-formule-club\"  class=\"call-to-action_link\" title=\"M\u00e1s informaci\u00f3n la f\u00f3rmula club\"><div class=\"call-to-action_image\"><img decoding=\"async\" src=\"https:\/\/www.lehena.com\/wp-content\/uploads\/2021\/07\/cours-surf-st-jean-de-luz-2-100x100.jpg\" data-src=\"https:\/\/www.lehena.com\/wp-content\/uploads\/2021\/07\/cours-surf-st-jean-de-luz-2.jpg\" alt=\"cours surf st jean de luz\" class=\"big\" \/><\/div><div class=\"call-to-action_contenu\"><div class=\"call-to-action_titre\">La f\u00f3rmula club<\/div><div class=\"call-to-action_description\">\u00bfVives en el Pa\u00eds Vasco y quieres surfear en temporada baja? Aproveche nuestra f\u00f3rmula de club accesible hasta el nivel de onda Bronce y benef\u00edciese de las mejores tarifas. <\/div><\/div><\/a><\/div><\/div><div class=\"element colonne \"><div class=\"element call-to-action  call-to-action--style-1 call-to-action--have-description call-to-action--big\"><a href=\"https:\/\/www.lehena.com\/es\/clases-surf-groupos-hendaya\/#section-groupes\"  class=\"call-to-action_link\" title=\"M\u00e1s informaci\u00f3n los grupos \/ ce \/ eventos\"><div class=\"call-to-action_image\"><img decoding=\"async\" src=\"https:\/\/www.lehena.com\/wp-content\/uploads\/2021\/05\/groupe-surf-hendaye-95x100.jpg\" data-src=\"https:\/\/www.lehena.com\/wp-content\/uploads\/2021\/05\/groupe-surf-hendaye.jpg\" alt=\"surf groupe pays basque\" class=\"big\" \/><\/div><div class=\"call-to-action_contenu\"><div class=\"call-to-action_titre\">Los grupos \/ CE \/ eventos<\/div><div class=\"call-to-action_description\">Descubra el placer de esquiar en grupo: salidas escolares, viajes deportivos, cumplea\u00f1os, EVJF o EVJG, comit\u00e9s de empresa, etc. <\/div><\/div><\/a><\/div><\/div><\/div><\/div><\/section>\n\n<section id=\"section-60abb4b565a60\"\" class=\"section fourth-home bg-color1 section--has-bg-img\" \/><img decoding=\"async\" src=\"https:\/\/www.lehena.com\/wp-content\/uploads\/2021\/05\/location-surf-hendaye-100x31.jpg\" data-src=\"https:\/\/www.lehena.com\/wp-content\/uploads\/2021\/05\/location-surf-hendaye.jpg\" alt=\"location materiel surf hendaye\" class=\"section_bg-img\" data-opacite=\"0.2\"\/><div class=\"container\"><h2 class=\"element section-title center\">Alquiler<\/h2><a href=\"\/es\/alquiler-surf-hendaya\/\" title=\"Alquilers\" class=\"element bouton justify\" ><span>Alquilers<\/span><\/a><a href=\"\/es\/cursos-surf-baratos-hendaya\/\" title=\"Tarifas\" class=\"element bouton justify\" ><span>Tarifas<\/span><\/a><\/div><\/section>\n\n<section id=\"section-60abb4b565edd\"\" class=\"section fifth-home bg-white p-t-0 p-b-0\" \/><div class=\"container full\"><div class=\"colonnes-wrap valign-middle \"><div class=\"element colonne w-35\"><h2 class=\"element section-title justify\">Handi Surf <br\/><b>Surfear con Seguridad<\/b><\/h2><div class=\"element bloc-text justify \">\n\t<p>Calificada como \u00abhandi surf\u00bb por la Asociaci\u00f3n Nacional de Handi Surf, Lehena es la primera escuela de <a href=\"\/es\/handi-surf-hendaya\/\">handi surf<\/a> de Francia. <\/p>\n<p>Al hacer accesible el surf a las personas con movilidad reducida, Lehena ofrece a todo el mundo la posibilidad de superar sus l\u00edmites y le garantiza sensaciones fuertes con total seguridad.<\/p>\n<\/div><a href=\"\/es\/handi-surf-hendaya\/\" title=\"Handi Surf\" class=\"element bouton justify\" ><span>Handi Surf<\/span><\/a><\/div><div class=\"element colonne w-35 p-l-0\"><div class=\"element images\"><div class=\"image\"><img decoding=\"async\" src=\"https:\/\/www.lehena.com\/wp-content\/uploads\/2021\/05\/surfer-hendaye-100x76.jpg\" data-src=\"https:\/\/www.lehena.com\/wp-content\/uploads\/2021\/05\/surfer-hendaye.jpg\" alt=\"louer surf hendaye\" class=\"images_image\" \/><\/div><\/div><\/div><div class=\"element colonne w-30\"><div class=\"element images\"><div class=\"image\"><img decoding=\"async\" src=\"https:\/\/www.lehena.com\/wp-content\/uploads\/2021\/05\/moniteur-surf-hendaye-100x76.jpg\" data-src=\"https:\/\/www.lehena.com\/wp-content\/uploads\/2021\/05\/moniteur-surf-hendaye.jpg\" alt=\"prof de surf hendaye\" class=\"images_image\" \/><\/div><\/div><\/div><\/div><\/div><\/section>\n\n<section id=\"section-60abb4b56606d\"\" class=\"section home-sixt bg-color1 section--has-bg-img\" \/><img decoding=\"async\" src=\"https:\/\/www.lehena.com\/wp-content\/uploads\/2021\/05\/yoga-surf-hendaye-100x31.jpg\" data-src=\"https:\/\/www.lehena.com\/wp-content\/uploads\/2021\/05\/yoga-surf-hendaye.jpg\" alt=\"surf yoga pays basque\" class=\"section_bg-img\" data-opacite=\"0.2\"\/><div class=\"container\"><a href=\"\/es\/cursos-yoga-hendaya\/\" title=\"Surf &amp; Yoga\" class=\"element bouton center\" ><span>Surf &amp; Yoga<\/span><\/a><\/div><\/section>","protected":false},"excerpt":{"rendered":"","protected":false},"author":1,"featured_media":0,"parent":0,"menu_order":0,"comment_status":"closed","ping_status":"closed","template":"","meta":{"_acf_changed":false,"footnotes":""},"class_list":["post-1309","page","type-page","status-publish","hentry"],"acf":[],"yoast_head":"<!-- This site is optimized with the Yoast SEO plugin v25.3 - https:\/\/yoast.com\/wordpress\/plugins\/seo\/ -->\n<title>Escuela de surf Hendaya | Cursos de surf en el Pa\u00eds Vasco | Surf en la Costa Vasca<\/title>\n<meta name=\"robots\" content=\"index, follow, max-snippet:-1, max-image-preview:large, max-video-preview:-1\" \/>\n<link rel=\"canonical\" href=\"https:\/\/www.lehena.com\/es\/\" \/>\n<meta property=\"og:locale\" content=\"es_ES\" \/>\n<meta property=\"og:type\" content=\"article\" \/>\n<meta property=\"og:title\" content=\"Escuela de surf Hendaya | Cursos de surf en el Pa\u00eds Vasco | Surf en la Costa Vasca\" \/>\n<meta property=\"og:url\" content=\"https:\/\/www.lehena.com\/es\/\" \/>\n<meta property=\"og:site_name\" content=\"Lehena\" \/>\n<meta property=\"article:modified_time\" content=\"2023-06-01T13:30:24+00:00\" \/>\n<meta name=\"twitter:card\" content=\"summary_large_image\" \/>\n<script type=\"application\/ld+json\" class=\"yoast-schema-graph\">{\"@context\":\"https:\/\/schema.org\",\"@graph\":[{\"@type\":\"WebPage\",\"@id\":\"https:\/\/www.lehena.com\/es\/\",\"url\":\"https:\/\/www.lehena.com\/es\/\",\"name\":\"Escuela de surf Hendaya | Cursos de surf en el Pa\u00eds Vasco | Surf en la Costa Vasca\",\"isPartOf\":{\"@id\":\"https:\/\/www.lehena.com\/es\/#website\"},\"datePublished\":\"2021-05-24T07:28:34+00:00\",\"dateModified\":\"2023-06-01T13:30:24+00:00\",\"breadcrumb\":{\"@id\":\"https:\/\/www.lehena.com\/es\/#breadcrumb\"},\"inLanguage\":\"es\",\"potentialAction\":[{\"@type\":\"ReadAction\",\"target\":[\"https:\/\/www.lehena.com\/es\/\"]}]},{\"@type\":\"BreadcrumbList\",\"@id\":\"https:\/\/www.lehena.com\/es\/#breadcrumb\",\"itemListElement\":[{\"@type\":\"ListItem\",\"position\":1,\"name\":\"Ecole de surf Hendaye\",\"item\":\"https:\/\/www.lehena.com\/es\/\"},{\"@type\":\"ListItem\",\"position\":2,\"name\":\"Accueil\"}]},{\"@type\":\"WebSite\",\"@id\":\"https:\/\/www.lehena.com\/es\/#website\",\"url\":\"https:\/\/www.lehena.com\/es\/\",\"name\":\"Lehena\",\"description\":\"\",\"publisher\":{\"@id\":\"https:\/\/www.lehena.com\/es\/#organization\"},\"potentialAction\":[{\"@type\":\"SearchAction\",\"target\":{\"@type\":\"EntryPoint\",\"urlTemplate\":\"https:\/\/www.lehena.com\/es\/?s={search_term_string}\"},\"query-input\":{\"@type\":\"PropertyValueSpecification\",\"valueRequired\":true,\"valueName\":\"search_term_string\"}}],\"inLanguage\":\"es\"},{\"@type\":\"Organization\",\"@id\":\"https:\/\/www.lehena.com\/es\/#organization\",\"name\":\"Ecole de surf Lehena\",\"url\":\"https:\/\/www.lehena.com\/es\/\",\"logo\":{\"@type\":\"ImageObject\",\"inLanguage\":\"es\",\"@id\":\"https:\/\/www.lehena.com\/es\/#\/schema\/logo\/image\/\",\"url\":\"https:\/\/www.lehena.com\/wp-content\/uploads\/2021\/06\/favicon.png\",\"contentUrl\":\"https:\/\/www.lehena.com\/wp-content\/uploads\/2021\/06\/favicon.png\",\"width\":290,\"height\":290,\"caption\":\"Ecole de surf Lehena\"},\"image\":{\"@id\":\"https:\/\/www.lehena.com\/es\/#\/schema\/logo\/image\/\"}}]}<\/script>\n<!-- \/ Yoast SEO plugin. -->","yoast_head_json":{"title":"Escuela de surf Hendaya | Cursos de surf en el Pa\u00eds Vasco | Surf en la Costa Vasca","robots":{"index":"index","follow":"follow","max-snippet":"max-snippet:-1","max-image-preview":"max-image-preview:large","max-video-preview":"max-video-preview:-1"},"canonical":"https:\/\/www.lehena.com\/es\/","og_locale":"es_ES","og_type":"article","og_title":"Escuela de surf Hendaya | Cursos de surf en el Pa\u00eds Vasco | Surf en la Costa Vasca","og_url":"https:\/\/www.lehena.com\/es\/","og_site_name":"Lehena","article_modified_time":"2023-06-01T13:30:24+00:00","twitter_card":"summary_large_image","schema":{"@context":"https:\/\/schema.org","@graph":[{"@type":"WebPage","@id":"https:\/\/www.lehena.com\/es\/","url":"https:\/\/www.lehena.com\/es\/","name":"Escuela de surf Hendaya | Cursos de surf en el Pa\u00eds Vasco | Surf en la Costa Vasca","isPartOf":{"@id":"https:\/\/www.lehena.com\/es\/#website"},"datePublished":"2021-05-24T07:28:34+00:00","dateModified":"2023-06-01T13:30:24+00:00","breadcrumb":{"@id":"https:\/\/www.lehena.com\/es\/#breadcrumb"},"inLanguage":"es","potentialAction":[{"@type":"ReadAction","target":["https:\/\/www.lehena.com\/es\/"]}]},{"@type":"BreadcrumbList","@id":"https:\/\/www.lehena.com\/es\/#breadcrumb","itemListElement":[{"@type":"ListItem","position":1,"name":"Ecole de surf Hendaye","item":"https:\/\/www.lehena.com\/es\/"},{"@type":"ListItem","position":2,"name":"Accueil"}]},{"@type":"WebSite","@id":"https:\/\/www.lehena.com\/es\/#website","url":"https:\/\/www.lehena.com\/es\/","name":"Lehena","description":"","publisher":{"@id":"https:\/\/www.lehena.com\/es\/#organization"},"potentialAction":[{"@type":"SearchAction","target":{"@type":"EntryPoint","urlTemplate":"https:\/\/www.lehena.com\/es\/?s={search_term_string}"},"query-input":{"@type":"PropertyValueSpecification","valueRequired":true,"valueName":"search_term_string"}}],"inLanguage":"es"},{"@type":"Organization","@id":"https:\/\/www.lehena.com\/es\/#organization","name":"Ecole de surf Lehena","url":"https:\/\/www.lehena.com\/es\/","logo":{"@type":"ImageObject","inLanguage":"es","@id":"https:\/\/www.lehena.com\/es\/#\/schema\/logo\/image\/","url":"https:\/\/www.lehena.com\/wp-content\/uploads\/2021\/06\/favicon.png","contentUrl":"https:\/\/www.lehena.com\/wp-content\/uploads\/2021\/06\/favicon.png","width":290,"height":290,"caption":"Ecole de surf Lehena"},"image":{"@id":"https:\/\/www.lehena.com\/es\/#\/schema\/logo\/image\/"}}]}},"_links":{"self":[{"href":"https:\/\/www.lehena.com\/es\/wp-json\/wp\/v2\/pages\/1309","targetHints":{"allow":["GET"]}}],"collection":[{"href":"https:\/\/www.lehena.com\/es\/wp-json\/wp\/v2\/pages"}],"about":[{"href":"https:\/\/www.lehena.com\/es\/wp-json\/wp\/v2\/types\/page"}],"author":[{"embeddable":true,"href":"https:\/\/www.lehena.com\/es\/wp-json\/wp\/v2\/users\/1"}],"replies":[{"embeddable":true,"href":"https:\/\/www.lehena.com\/es\/wp-json\/wp\/v2\/comments?post=1309"}],"version-history":[{"count":30,"href":"https:\/\/www.lehena.com\/es\/wp-json\/wp\/v2\/pages\/1309\/revisions"}],"predecessor-version":[{"id":2504,"href":"https:\/\/www.lehena.com\/es\/wp-json\/wp\/v2\/pages\/1309\/revisions\/2504"}],"wp:attachment":[{"href":"https:\/\/www.lehena.com\/es\/wp-json\/wp\/v2\/media?parent=1309"}],"curies":[{"name":"wp","href":"https:\/\/api.w.org\/{rel}","templated":true}]}}