{"id":1325,"date":"2021-06-25T15:46:31","date_gmt":"2021-06-25T13:46:31","guid":{"rendered":"https:\/\/www.lehena.com\/cours-surf-hendaye\/"},"modified":"2021-07-22T10:53:16","modified_gmt":"2021-07-22T08:53:16","slug":"clases-surf-hendaya","status":"publish","type":"page","link":"https:\/\/www.lehena.com\/es\/clases-surf-hendaya\/","title":{"rendered":"L&#8217;\u00e9cole : Cours collectifs et particuliers"},"content":{"rendered":"<section id=\"section-5f44d4e49e6de\"\" class=\"section third-home bg-white\" \/><div class=\"container extralarge\"><h1 class=\"element section-title center\">Nuestros cursos de surf en Hendaya<\/h1><div class=\"element images\"><div class=\"image\"><img decoding=\"async\" src=\"https:\/\/www.lehena.com\/wp-content\/uploads\/2021\/05\/surf-lehena-100x8.png\" data-src=\"https:\/\/www.lehena.com\/wp-content\/uploads\/2021\/05\/surf-lehena.png\" alt=\"cours de surf pays basque\" class=\"images_image\" \/><\/div><\/div><\/div><\/section>\n\n<section id=\"section-5f44e1eb795e0\"\" class=\"section bg-white p-t-0 p-b-0\" \/><div class=\"container full\"><div class=\"colonnes-wrap valign-middle \"><div class=\"element colonne w-20 p-0\"><div class=\"element images\"><div class=\"image\"><img decoding=\"async\" src=\"https:\/\/www.lehena.com\/wp-content\/uploads\/2021\/07\/cours-surf-enfant-hendaye-100x100.jpg\" data-src=\"https:\/\/www.lehena.com\/wp-content\/uploads\/2021\/07\/cours-surf-enfant-hendaye.jpg\" alt=\"cours surf enfant hendaye\" class=\"images_image\" \/><\/div><\/div><\/div><div class=\"element colonne w-60 p-x-6 p-y-4\"><h2 class=\"element section-title center\">Nuestras clases particulares de surf en el Pa\u00eds Vasco<\/h2><div class=\"element bloc-text center \">\n\t<p>\u00bfQuieres trabajar un aspecto espec\u00edfico de tu surf y tener una progresi\u00f3n m\u00e1s r\u00e1pida que en las clases en grupo?<\/p>\n<p>\u00bfEst\u00e1s con tu familia y quer\u00e9is surfear todos juntos?<\/p>\n<p>Desde la primera vez de pie hasta la realizaci\u00f3n de maniobras t\u00e9cnicas, pasando por la colocaci\u00f3n en el pico o la toma de la ola suave, la clase particular est\u00e1 hecha para ti.<\/p>\n<p>El precio del curso var\u00eda seg\u00fan el n\u00famero de personas (de 1 a 4 personas) y la duraci\u00f3n del curso es de 1 hora.<\/p>\n<p>Durante la temporada alta (julio\/agosto), las clases particulares se imparten principalmente por la tarde o seg\u00fan la disponibilidad.<\/p>\n<\/div><\/div><div class=\"element colonne w-20 p-0\"><div class=\"element images\"><div class=\"image\"><img decoding=\"async\" src=\"https:\/\/www.lehena.com\/wp-content\/uploads\/2021\/07\/cours-surf-debutant-hendaye-100x100.jpg\" data-src=\"https:\/\/www.lehena.com\/wp-content\/uploads\/2021\/07\/cours-surf-debutant-hendaye.jpg\" alt=\"cours surf debutant hendaye\" class=\"images_image\" \/><\/div><\/div><\/div><\/div><\/div><\/section>\n\n<section id=\"section-5f44e1eb79f1b\"\" class=\"section bg-color1 p-t-0 p-b-0\" \/><div class=\"container full\"><div class=\"colonnes-wrap valign-middle \"><div class=\"element colonne p-0\"><div class=\"element images\"><div class=\"image\"><img decoding=\"async\" src=\"https:\/\/www.lehena.com\/wp-content\/uploads\/2021\/07\/cours-surf-collectif-hendaye-100x68.jpg\" data-src=\"https:\/\/www.lehena.com\/wp-content\/uploads\/2021\/07\/cours-surf-collectif-hendaye.jpg\" alt=\"cours surf collectif hendaye\" class=\"images_image\" \/><\/div><\/div><\/div><div class=\"element colonne p-x-8 p-y-10\"><h2 class=\"element section-title justify\">Nuestras clases de surf en grupo en Hendaya<\/h2><div class=\"element bloc-text justify white\">\n\t<p>Las clases en grupo son una buena forma de aprender a surfear y de progresar en un ambiente agradable.<br \/>\nEstar\u00e1s en un grupo adaptado a tu edad y\/o a tu nivel durante los cursos de uno o varios d\u00edas: \u00a1la emulaci\u00f3n colectiva te permitir\u00e1 superar tus l\u00edmites!<\/p>\n<ul>\n<li><strong class=\"bold white\">\u00abKids\u00bb<\/strong> grupo para ni\u00f1os de 6 a 8 a\u00f1os.<br \/>\nGrupo de hasta 5 ni\u00f1os con una duraci\u00f3n de 1 hora.<br \/>\nLa franja horaria \u00abKids\u00bb se elige en funci\u00f3n de la marea para garantizar una pr\u00e1ctica segura.<\/li>\n<li><strong class=\"bold white\">Grupo \u00abKids\u00bb<\/strong> para ni\u00f1os de 9 a 14 a\u00f1os, ya sean principiantes o avanzados.<br \/>\nGrupo de 8 ni\u00f1os m\u00e1ximo para una duraci\u00f3n de 1h30.<\/li>\n<li><strong class=\"bold white\">\u00abTeen\/Adult\u00bb<\/strong> grupo para ni\u00f1os mayores, ya sean principiantes o avanzados.<br \/>\nGrupos de 8 alumnos como m\u00e1ximo para una duraci\u00f3n de 1h30.<\/li>\n<\/ul>\n<p>El precio de las clases en grupo var\u00eda en funci\u00f3n del n\u00famero de sesiones deseadas.<br \/>\nSe ofrece una tarifa especial \u00abfamiliar\u00bb para la semana de formaci\u00f3n (5 d\u00edas).<\/p>\n<\/div><\/div><\/div><\/div><\/section>\n\n<section id=\"section-formule-club\"\" class=\"section bg-white p-t-0 p-b-0\" \/><div class=\"container full\"><div class=\"colonnes-wrap valign-middle \"><div class=\"element colonne w-20 p-0\"><div class=\"element images\"><div class=\"image\"><img decoding=\"async\" src=\"https:\/\/www.lehena.com\/wp-content\/uploads\/2021\/07\/stage-surf-hendaye-1-100x100.jpg\" data-src=\"https:\/\/www.lehena.com\/wp-content\/uploads\/2021\/07\/stage-surf-hendaye-1.jpg\" alt=\"stage surf hendaye\" class=\"images_image\" \/><\/div><\/div><div class=\"element images\"><div class=\"image\"><img decoding=\"async\" src=\"https:\/\/www.lehena.com\/wp-content\/uploads\/2021\/07\/surf-club-hendaye-100x97.jpg\" data-src=\"https:\/\/www.lehena.com\/wp-content\/uploads\/2021\/07\/surf-club-hendaye.jpg\" alt=\"surf club hendaye\" class=\"images_image\" \/><\/div><\/div><\/div><div class=\"element colonne w-60 p-x-6 p-y-4\"><h2 class=\"element section-title center\">Nuestra f\u00f3rmula Club<\/h2><div class=\"element bloc-text center \">\n\t<p>Nuestra f\u00f3rmula del Club se dirige a las personas que viven en el Pa\u00eds Vasco y que desean surfear durante los meses de invierno a <a href=\"\/es\/cursos-surf-baratos-hendaya\/\">mejor precio en Hendaya<\/a>.<br \/>\nRequerimos un nivel de olas de bronce equivalente a la pr\u00e1ctica independiente (capacidad de coger olas suaves por su cuenta) para poder hacer sesiones filmadas de vez en cuando.<\/p>\n<p>Nos reunimos durante una sesi\u00f3n por fin de semana para los adultos (s\u00e1bado o domingo, seg\u00fan las condiciones) y los mi\u00e9rcoles por la tarde para los ni\u00f1os (12-16 a\u00f1os).<\/p>\n<p>En el orden del d\u00eda: \u00a1coaching de surf, an\u00e1lisis de v\u00eddeo y buen humor!<\/p>\n<p>No te demores, las plazas son limitadas.<\/p>\n<p>Quieres organizar una <a href=\"\/es\/clases-surf-groupos-hendaya\/\">estancia en grupo en la costa vasca<\/a>?<br \/>\nEl surf es la actividad imprescindible durante un seminario, una excursi\u00f3n escolar o una fiesta de cumplea\u00f1os. La <a href=\"\/es\/\">escuela de surf del pa\u00eds vasco<\/a> organiza te asesorar\u00e1 para encontrar la f\u00f3rmula adaptada a tus expectativas.<\/p>\n<\/div><\/div><div class=\"element colonne w-20 p-0\"><div class=\"element images\"><div class=\"image\"><img decoding=\"async\" src=\"https:\/\/www.lehena.com\/wp-content\/uploads\/2021\/07\/club-surf-st-jean-de-luz-100x100.jpg\" data-src=\"https:\/\/www.lehena.com\/wp-content\/uploads\/2021\/07\/club-surf-st-jean-de-luz.jpg\" alt=\"club surf st jean de luz\" class=\"images_image\" \/><\/div><\/div><div class=\"element images\"><div class=\"image\"><img decoding=\"async\" src=\"https:\/\/www.lehena.com\/wp-content\/uploads\/2021\/07\/cours-surf-pays-basque-2-100x97.jpg\" data-src=\"https:\/\/www.lehena.com\/wp-content\/uploads\/2021\/07\/cours-surf-pays-basque-2.jpg\" alt=\"cours surf pays basque\" class=\"images_image\" \/><\/div><\/div><\/div><\/div><\/div><\/section>\n\n<section id=\"section-5f44e1eb7b004\"\" class=\"section bg-color3\" \/><div class=\"container extralarge\"><div class=\"element section-title center titre-cta\">NUESTRO EQUIPO, RECEPCI\u00d3N DE GRUPOS Y SERVICIO DE ALQUILER<\/div><ul class=\"liste-de-page\"><li class=\"element call-to-action carre call-to-action--style-1 call-to-action--normal\"><a href=\"https:\/\/www.lehena.com\/es\/clases-surf-groupos-hendaya\/\"  class=\"call-to-action_link\" title=\"M\u00e1s informaci\u00f3n grupos \/ ce \/ evg evjf\"><div class=\"call-to-action_image\"><img decoding=\"async\" src=\"https:\/\/www.lehena.com\/wp-content\/uploads\/2021\/05\/apprendre-a-surfer-hendaye-100x53.jpg\" data-src=\"https:\/\/www.lehena.com\/wp-content\/uploads\/2021\/05\/apprendre-a-surfer-hendaye.jpg\" alt=\"apprendre a surfer hendaye\" class=\"normal\" \/><\/div><div class=\"call-to-action_contenu\"><div class=\"call-to-action_titre\">Grupos \/ CE \/ EVG EVJF<\/div><\/div><\/a><\/li><li class=\"element call-to-action carre call-to-action--style-1 call-to-action--normal call-to-action--style-1 call-to-action--normal\"><a href=\"https:\/\/www.lehena.com\/es\/equipo-surf-hendaya\/\"  class=\"call-to-action_link\" title=\"M\u00e1s informaci\u00f3n el equipo\"><div class=\"call-to-action_image\"><img decoding=\"async\" src=\"https:\/\/www.lehena.com\/wp-content\/uploads\/2021\/07\/ecole-de-surf-st-jean-de-luz-100x53.jpg\" data-src=\"https:\/\/www.lehena.com\/wp-content\/uploads\/2021\/07\/ecole-de-surf-st-jean-de-luz.jpg\" alt=\"ecole de surf st jean de luz\" class=\"normal\" \/><\/div><div class=\"call-to-action_contenu\"><div class=\"call-to-action_titre\">El equipo<\/div><\/div><\/a><\/li><li class=\"element call-to-action carre call-to-action--style-1 call-to-action--normal call-to-action--style-1 call-to-action--normal call-to-action--style-1 call-to-action--normal\"><a href=\"https:\/\/www.lehena.com\/es\/alquiler-surf-hendaya\/\"  class=\"call-to-action_link\" title=\"M\u00e1s informaci\u00f3n alquiler de material de surf\"><div class=\"call-to-action_image\"><img decoding=\"async\" src=\"https:\/\/www.lehena.com\/wp-content\/uploads\/2021\/07\/location-materiel-surf-hendaye-100x51.jpg\" data-src=\"https:\/\/www.lehena.com\/wp-content\/uploads\/2021\/07\/location-materiel-surf-hendaye.jpg\" alt=\"location materiel surf hendaye\" class=\"normal\" \/><\/div><div class=\"call-to-action_contenu\"><div class=\"call-to-action_titre\">Alquiler de material de surf<\/div><\/div><\/a><\/li><\/ul><\/div><\/section>","protected":false},"excerpt":{"rendered":"","protected":false},"author":1,"featured_media":779,"parent":0,"menu_order":0,"comment_status":"closed","ping_status":"closed","template":"","meta":{"_acf_changed":false,"footnotes":""},"class_list":["post-1325","page","type-page","status-publish","has-post-thumbnail","hentry"],"acf":[],"yoast_head":"<!-- This site is optimized with the Yoast SEO plugin v25.3 - https:\/\/yoast.com\/wordpress\/plugins\/seo\/ -->\n<title>Clases de surf Hendaya | Clases particulares, grupo de surf pa\u00eds vasco (64)<\/title>\n<meta name=\"description\" content=\"Descubre las clases y cursos de surf adaptados a tu nivel y objetivos en la playa de Hendaya\" \/>\n<meta name=\"robots\" content=\"index, follow, max-snippet:-1, max-image-preview:large, max-video-preview:-1\" \/>\n<link rel=\"canonical\" href=\"https:\/\/www.lehena.com\/es\/clases-surf-hendaya\/\" \/>\n<meta property=\"og:locale\" content=\"es_ES\" \/>\n<meta property=\"og:type\" content=\"article\" \/>\n<meta property=\"og:title\" content=\"Clases de surf Hendaya | Clases particulares, grupo de surf pa\u00eds vasco (64)\" \/>\n<meta property=\"og:description\" content=\"Descubre las clases y cursos de surf adaptados a tu nivel y objetivos en la playa de Hendaya\" \/>\n<meta property=\"og:url\" content=\"https:\/\/www.lehena.com\/es\/clases-surf-hendaya\/\" \/>\n<meta property=\"og:site_name\" content=\"Lehena\" \/>\n<meta property=\"article:modified_time\" content=\"2021-07-22T08:53:16+00:00\" \/>\n<meta property=\"og:image\" content=\"https:\/\/www.lehena.com\/wp-content\/uploads\/2021\/07\/cours-surf-pays-basque-1.jpg\" \/>\n\t<meta property=\"og:image:width\" content=\"1900\" \/>\n\t<meta property=\"og:image:height\" content=\"400\" \/>\n\t<meta property=\"og:image:type\" content=\"image\/jpeg\" \/>\n<meta name=\"twitter:card\" content=\"summary_large_image\" \/>\n<script type=\"application\/ld+json\" class=\"yoast-schema-graph\">{\"@context\":\"https:\/\/schema.org\",\"@graph\":[{\"@type\":\"WebPage\",\"@id\":\"https:\/\/www.lehena.com\/es\/clases-surf-hendaya\/\",\"url\":\"https:\/\/www.lehena.com\/es\/clases-surf-hendaya\/\",\"name\":\"Clases de surf Hendaya | Clases particulares, grupo de surf pa\u00eds vasco (64)\",\"isPartOf\":{\"@id\":\"https:\/\/www.lehena.com\/es\/#website\"},\"primaryImageOfPage\":{\"@id\":\"https:\/\/www.lehena.com\/es\/clases-surf-hendaya\/#primaryimage\"},\"image\":{\"@id\":\"https:\/\/www.lehena.com\/es\/clases-surf-hendaya\/#primaryimage\"},\"thumbnailUrl\":\"https:\/\/www.lehena.com\/wp-content\/uploads\/2021\/07\/cours-surf-pays-basque-1.jpg\",\"datePublished\":\"2021-06-25T13:46:31+00:00\",\"dateModified\":\"2021-07-22T08:53:16+00:00\",\"description\":\"Descubre las clases y cursos de surf adaptados a tu nivel y objetivos en la playa de Hendaya\",\"breadcrumb\":{\"@id\":\"https:\/\/www.lehena.com\/es\/clases-surf-hendaya\/#breadcrumb\"},\"inLanguage\":\"es\",\"potentialAction\":[{\"@type\":\"ReadAction\",\"target\":[\"https:\/\/www.lehena.com\/es\/clases-surf-hendaya\/\"]}]},{\"@type\":\"ImageObject\",\"inLanguage\":\"es\",\"@id\":\"https:\/\/www.lehena.com\/es\/clases-surf-hendaya\/#primaryimage\",\"url\":\"https:\/\/www.lehena.com\/wp-content\/uploads\/2021\/07\/cours-surf-pays-basque-1.jpg\",\"contentUrl\":\"https:\/\/www.lehena.com\/wp-content\/uploads\/2021\/07\/cours-surf-pays-basque-1.jpg\",\"width\":1900,\"height\":400,\"caption\":\"cours surf pays basque\"},{\"@type\":\"BreadcrumbList\",\"@id\":\"https:\/\/www.lehena.com\/es\/clases-surf-hendaya\/#breadcrumb\",\"itemListElement\":[{\"@type\":\"ListItem\",\"position\":1,\"name\":\"Ecole de surf Hendaye\",\"item\":\"https:\/\/www.lehena.com\/es\/\"},{\"@type\":\"ListItem\",\"position\":2,\"name\":\"Clases de surf en el Pa\u00eds Vasco\"}]},{\"@type\":\"WebSite\",\"@id\":\"https:\/\/www.lehena.com\/es\/#website\",\"url\":\"https:\/\/www.lehena.com\/es\/\",\"name\":\"Lehena\",\"description\":\"\",\"publisher\":{\"@id\":\"https:\/\/www.lehena.com\/es\/#organization\"},\"potentialAction\":[{\"@type\":\"SearchAction\",\"target\":{\"@type\":\"EntryPoint\",\"urlTemplate\":\"https:\/\/www.lehena.com\/es\/?s={search_term_string}\"},\"query-input\":{\"@type\":\"PropertyValueSpecification\",\"valueRequired\":true,\"valueName\":\"search_term_string\"}}],\"inLanguage\":\"es\"},{\"@type\":\"Organization\",\"@id\":\"https:\/\/www.lehena.com\/es\/#organization\",\"name\":\"Ecole de surf Lehena\",\"url\":\"https:\/\/www.lehena.com\/es\/\",\"logo\":{\"@type\":\"ImageObject\",\"inLanguage\":\"es\",\"@id\":\"https:\/\/www.lehena.com\/es\/#\/schema\/logo\/image\/\",\"url\":\"https:\/\/www.lehena.com\/wp-content\/uploads\/2021\/06\/favicon.png\",\"contentUrl\":\"https:\/\/www.lehena.com\/wp-content\/uploads\/2021\/06\/favicon.png\",\"width\":290,\"height\":290,\"caption\":\"Ecole de surf Lehena\"},\"image\":{\"@id\":\"https:\/\/www.lehena.com\/es\/#\/schema\/logo\/image\/\"}}]}<\/script>\n<!-- \/ Yoast SEO plugin. -->","yoast_head_json":{"title":"Clases de surf Hendaya | Clases particulares, grupo de surf pa\u00eds vasco (64)","description":"Descubre las clases y cursos de surf adaptados a tu nivel y objetivos en la playa de Hendaya","robots":{"index":"index","follow":"follow","max-snippet":"max-snippet:-1","max-image-preview":"max-image-preview:large","max-video-preview":"max-video-preview:-1"},"canonical":"https:\/\/www.lehena.com\/es\/clases-surf-hendaya\/","og_locale":"es_ES","og_type":"article","og_title":"Clases de surf Hendaya | Clases particulares, grupo de surf pa\u00eds vasco (64)","og_description":"Descubre las clases y cursos de surf adaptados a tu nivel y objetivos en la playa de Hendaya","og_url":"https:\/\/www.lehena.com\/es\/clases-surf-hendaya\/","og_site_name":"Lehena","article_modified_time":"2021-07-22T08:53:16+00:00","og_image":[{"width":1900,"height":400,"url":"https:\/\/www.lehena.com\/wp-content\/uploads\/2021\/07\/cours-surf-pays-basque-1.jpg","type":"image\/jpeg"}],"twitter_card":"summary_large_image","schema":{"@context":"https:\/\/schema.org","@graph":[{"@type":"WebPage","@id":"https:\/\/www.lehena.com\/es\/clases-surf-hendaya\/","url":"https:\/\/www.lehena.com\/es\/clases-surf-hendaya\/","name":"Clases de surf Hendaya | Clases particulares, grupo de surf pa\u00eds vasco (64)","isPartOf":{"@id":"https:\/\/www.lehena.com\/es\/#website"},"primaryImageOfPage":{"@id":"https:\/\/www.lehena.com\/es\/clases-surf-hendaya\/#primaryimage"},"image":{"@id":"https:\/\/www.lehena.com\/es\/clases-surf-hendaya\/#primaryimage"},"thumbnailUrl":"https:\/\/www.lehena.com\/wp-content\/uploads\/2021\/07\/cours-surf-pays-basque-1.jpg","datePublished":"2021-06-25T13:46:31+00:00","dateModified":"2021-07-22T08:53:16+00:00","description":"Descubre las clases y cursos de surf adaptados a tu nivel y objetivos en la playa de Hendaya","breadcrumb":{"@id":"https:\/\/www.lehena.com\/es\/clases-surf-hendaya\/#breadcrumb"},"inLanguage":"es","potentialAction":[{"@type":"ReadAction","target":["https:\/\/www.lehena.com\/es\/clases-surf-hendaya\/"]}]},{"@type":"ImageObject","inLanguage":"es","@id":"https:\/\/www.lehena.com\/es\/clases-surf-hendaya\/#primaryimage","url":"https:\/\/www.lehena.com\/wp-content\/uploads\/2021\/07\/cours-surf-pays-basque-1.jpg","contentUrl":"https:\/\/www.lehena.com\/wp-content\/uploads\/2021\/07\/cours-surf-pays-basque-1.jpg","width":1900,"height":400,"caption":"cours surf pays basque"},{"@type":"BreadcrumbList","@id":"https:\/\/www.lehena.com\/es\/clases-surf-hendaya\/#breadcrumb","itemListElement":[{"@type":"ListItem","position":1,"name":"Ecole de surf Hendaye","item":"https:\/\/www.lehena.com\/es\/"},{"@type":"ListItem","position":2,"name":"Clases de surf en el Pa\u00eds Vasco"}]},{"@type":"WebSite","@id":"https:\/\/www.lehena.com\/es\/#website","url":"https:\/\/www.lehena.com\/es\/","name":"Lehena","description":"","publisher":{"@id":"https:\/\/www.lehena.com\/es\/#organization"},"potentialAction":[{"@type":"SearchAction","target":{"@type":"EntryPoint","urlTemplate":"https:\/\/www.lehena.com\/es\/?s={search_term_string}"},"query-input":{"@type":"PropertyValueSpecification","valueRequired":true,"valueName":"search_term_string"}}],"inLanguage":"es"},{"@type":"Organization","@id":"https:\/\/www.lehena.com\/es\/#organization","name":"Ecole de surf Lehena","url":"https:\/\/www.lehena.com\/es\/","logo":{"@type":"ImageObject","inLanguage":"es","@id":"https:\/\/www.lehena.com\/es\/#\/schema\/logo\/image\/","url":"https:\/\/www.lehena.com\/wp-content\/uploads\/2021\/06\/favicon.png","contentUrl":"https:\/\/www.lehena.com\/wp-content\/uploads\/2021\/06\/favicon.png","width":290,"height":290,"caption":"Ecole de surf Lehena"},"image":{"@id":"https:\/\/www.lehena.com\/es\/#\/schema\/logo\/image\/"}}]}},"_links":{"self":[{"href":"https:\/\/www.lehena.com\/es\/wp-json\/wp\/v2\/pages\/1325","targetHints":{"allow":["GET"]}}],"collection":[{"href":"https:\/\/www.lehena.com\/es\/wp-json\/wp\/v2\/pages"}],"about":[{"href":"https:\/\/www.lehena.com\/es\/wp-json\/wp\/v2\/types\/page"}],"author":[{"embeddable":true,"href":"https:\/\/www.lehena.com\/es\/wp-json\/wp\/v2\/users\/1"}],"replies":[{"embeddable":true,"href":"https:\/\/www.lehena.com\/es\/wp-json\/wp\/v2\/comments?post=1325"}],"version-history":[{"count":12,"href":"https:\/\/www.lehena.com\/es\/wp-json\/wp\/v2\/pages\/1325\/revisions"}],"predecessor-version":[{"id":2149,"href":"https:\/\/www.lehena.com\/es\/wp-json\/wp\/v2\/pages\/1325\/revisions\/2149"}],"wp:featuredmedia":[{"embeddable":true,"href":"https:\/\/www.lehena.com\/es\/wp-json\/wp\/v2\/media\/779"}],"wp:attachment":[{"href":"https:\/\/www.lehena.com\/es\/wp-json\/wp\/v2\/media?parent=1325"}],"curies":[{"name":"wp","href":"https:\/\/api.w.org\/{rel}","templated":true}]}}