{"id":1332,"date":"2021-05-24T10:07:04","date_gmt":"2021-05-24T08:07:04","guid":{"rendered":"https:\/\/www.lehena.com\/location-surf-hendaye\/"},"modified":"2021-07-22T09:28:55","modified_gmt":"2021-07-22T07:28:55","slug":"alquiler-surf-hendaya","status":"publish","type":"page","link":"https:\/\/www.lehena.com\/es\/alquiler-surf-hendaya\/","title":{"rendered":"L&#8217;\u00e9cole : Location"},"content":{"rendered":"<section id=\"section-5f44d4e49e6de\"\" class=\"section third-home bg-white\" \/><div class=\"container extralarge\"><h1 class=\"element section-title center\">Alquiler de material de surf en Hendaya<\/h1><div class=\"element images\"><div class=\"image\"><img decoding=\"async\" src=\"https:\/\/www.lehena.com\/wp-content\/uploads\/2021\/05\/surf-lehena-100x8.png\" data-src=\"https:\/\/www.lehena.com\/wp-content\/uploads\/2021\/05\/surf-lehena.png\" alt=\"cours de surf pays basque\" class=\"images_image\" \/><\/div><\/div><\/div><\/section>\n\n<section id=\"section-5f44e1eb795e0\"\" class=\"section bg-white p-t-0 p-b-0\" \/><div class=\"container full\"><div class=\"colonnes-wrap valign-middle \"><div class=\"element colonne w-20 p-0\"><div class=\"element images\"><div class=\"image\"><img decoding=\"async\" src=\"https:\/\/www.lehena.com\/wp-content\/uploads\/2021\/07\/louer-surf-hendaye-100x97.jpg\" data-src=\"https:\/\/www.lehena.com\/wp-content\/uploads\/2021\/07\/louer-surf-hendaye.jpg\" alt=\"louer surf hendaye\" class=\"images_image\" \/><\/div><\/div><\/div><div class=\"element colonne w-60 p-x-6 p-y-4\"><h2 class=\"element section-title center\">Alquiler de material de surf en el Pa\u00eds Vasco<\/h2><div class=\"element bloc-text center \">\n\t<p>\u00a1Tenemos una flota de alquiler de <strong class=\"bold color1\">m\u00e1s de 100 tablas de surf<\/strong>! <\/p>\n<p>Entre ellas, encontrar\u00e1s <strong class=\"bold color1\">material de espuma<\/strong> para los novatos, pero tambi\u00e9n <strong class=\"bold color1\">tablas de epoxi<\/strong> para los m\u00e1s veteranos. Para adaptarse a todo tipo de tallas, nuestras tablas van desde 5&#8217;6 para los m\u00e1s peque\u00f1os hasta 9&#8242; para los mayores.<\/p>\n<p>Tambi\u00e9n se pueden alquilar <strong class=\"bold color1\">tablas de surf<\/strong>, as\u00ed como <strong class=\"bold color1\">trajes de neopreno de alta calidad<\/strong>, o trajes de neopreno completos en 3\/2 o 4\/3 para los m\u00e1s tranquilos.<\/p>\n<p>El personal de nuestra <a href=\"\/es\/\">Escuela de surf de Hendaya<\/a> estar\u00e1 a su disposici\u00f3n para asesorarle, si lo necesita, en la elecci\u00f3n del material para que aproveche al m\u00e1ximo las olas de Hendaya.<\/p>\n<\/div><\/div><div class=\"element colonne w-20 p-0\"><div class=\"element images\"><div class=\"image\"><img decoding=\"async\" src=\"https:\/\/www.lehena.com\/wp-content\/uploads\/2021\/07\/location-planche-mousse-hendaye-100x97.jpg\" data-src=\"https:\/\/www.lehena.com\/wp-content\/uploads\/2021\/07\/location-planche-mousse-hendaye.jpg\" alt=\"location planche mousse hendaye\" class=\"images_image\" \/><\/div><\/div><\/div><\/div><\/div><\/section>\n\n<section id=\"section-5f44e1eb79f1b\"\" class=\"section bg-color1 p-t-0 p-b-0\" \/><div class=\"container full\"><div class=\"colonnes-wrap valign-middle \"><div class=\"element colonne p-0\"><div class=\"element images\"><div class=\"image\"><img decoding=\"async\" src=\"https:\/\/www.lehena.com\/wp-content\/uploads\/2021\/07\/location-materiel-surf-pays-basque-100x68.jpg\" data-src=\"https:\/\/www.lehena.com\/wp-content\/uploads\/2021\/07\/location-materiel-surf-pays-basque.jpg\" alt=\"location materiel surf pays basque\" class=\"images_image\" \/><\/div><\/div><\/div><div class=\"element colonne p-x-8 p-y-10\"><h2 class=\"element section-title justify\">Nuestros tableros de alquiler en Hendaya<\/h2><div class=\"element bloc-text justify white\">\n\t<p>Tablas de espuma: Ocean Storm, Softech, Eight Surfboards y Zeus.<\/p>\n<p>Las tablas de espuma son las ideales para aprender y progresar en el surf con seguridad. La gran mayor\u00eda de los tableros de espuma que tenemos vienen con un asa para facilitar su transporte.<br \/>\nTodos nuestros <a href=\"\/es\/clases-surf-hendaya\/\">cursos de surf en el Pa\u00eds Vasco<\/a> cuentan con tablas de espuma.<\/p>\n<p>Podr\u00e1s surfear en <strong class=\"bold color3\">3 tipos de tablas de espuma<\/strong>: est\u00e1ndar, gorda e h\u00edbrida.<\/p>\n<ul>\n<li><strong class=\"bold color3\">Los modelos \u00abgordos\u00bb<\/strong> son m\u00e1s anchos que los \u00abest\u00e1ndar\u00bb, lo que aporta m\u00e1s estabilidad a la tabla.<\/li>\n<li><strong class=\"bold color3\">Las tablas h\u00edbridas<\/strong> son \u00fanicas porque tienen aletas ligeramente m\u00e1s r\u00edgidas para mejorar el relanzamiento de la tabla y el control al girar. Se acercan mucho a las caracter\u00edsticas de las tablas de epoxi, a la vez que garantizan la seguridad del surfista.<\/li>\n<li><strong class=\"bold color3\">Placas de epoxi<\/strong>: Torq y Hurricane.<\/li>\n<p>En el caso del alquiler, tambi\u00e9n puede elegir tablas epoxi si es un surfista experimentado que puede garantizar su propia seguridad y la de los dem\u00e1s usuarios de la playa.<br \/>\nLa estructura de la tabla, as\u00ed como sus aletas r\u00edgidas, le permiten disponer de un equipo m\u00e1s potente en t\u00e9rminos de velocidad y control.<\/p>\n<p>Podr\u00e1s elegir diferentes modelos y tama\u00f1os de tablas en funci\u00f3n de tu talla y estilo de olas para sus clases de surf en privadas o <a href=\"\/es\/clases-surf-groupos-hendaya\/\">grupo en Hendaya<\/a>.<\/p>\n<\/div><\/div><\/div><\/div><\/section>\n\n<section id=\"section-5f44e1eb7b004\"\" class=\"section bg-color3\" \/><div class=\"container extralarge\"><div class=\"element section-title center titre-cta\">Nuestros cursos de surf privados y en grupo en Hendaya<\/div><ul class=\"liste-de-page\"><li class=\"element call-to-action carre call-to-action--style-1 call-to-action--normal\"><a href=\"https:\/\/www.lehena.com\/es\/clases-surf-hendaya\/\"  class=\"call-to-action_link\" title=\"M\u00e1s informaci\u00f3n clases particulares y en grupo\"><div class=\"call-to-action_image\"><img decoding=\"async\" src=\"https:\/\/www.lehena.com\/wp-content\/uploads\/2021\/07\/cours-surf-collectif-pays-basque-100x97.jpg\" data-src=\"https:\/\/www.lehena.com\/wp-content\/uploads\/2021\/07\/cours-surf-collectif-pays-basque.jpg\" alt=\"cours surf collectif\" class=\"normal\" \/><\/div><div class=\"call-to-action_contenu\"><div class=\"call-to-action_titre\">Clases particulares y en grupo<\/div><\/div><\/a><\/li><li class=\"element call-to-action carre call-to-action--style-1 call-to-action--normal call-to-action--style-1 call-to-action--normal\"><a href=\"https:\/\/www.lehena.com\/es\/clases-surf-groupos-hendaya\/\"  class=\"call-to-action_link\" title=\"M\u00e1s informaci\u00f3n grupos \/ ce \/ evg evjf\"><div class=\"call-to-action_image\"><img decoding=\"async\" src=\"https:\/\/www.lehena.com\/wp-content\/uploads\/2021\/05\/apprendre-a-surfer-hendaye-100x53.jpg\" data-src=\"https:\/\/www.lehena.com\/wp-content\/uploads\/2021\/05\/apprendre-a-surfer-hendaye.jpg\" alt=\"apprendre a surfer hendaye\" class=\"normal\" \/><\/div><div class=\"call-to-action_contenu\"><div class=\"call-to-action_titre\">Grupos \/ CE \/ EVG EVJF<\/div><\/div><\/a><\/li><li class=\"element call-to-action carre call-to-action--style-1 call-to-action--normal call-to-action--style-1 call-to-action--normal call-to-action--style-1 call-to-action--normal\"><a href=\"https:\/\/www.lehena.com\/es\/equipo-surf-hendaya\/\"  class=\"call-to-action_link\" title=\"M\u00e1s informaci\u00f3n el equipo\"><div class=\"call-to-action_image\"><img decoding=\"async\" src=\"https:\/\/www.lehena.com\/wp-content\/uploads\/2021\/07\/ecole-de-surf-st-jean-de-luz-100x53.jpg\" data-src=\"https:\/\/www.lehena.com\/wp-content\/uploads\/2021\/07\/ecole-de-surf-st-jean-de-luz.jpg\" alt=\"ecole de surf st jean de luz\" class=\"normal\" \/><\/div><div class=\"call-to-action_contenu\"><div class=\"call-to-action_titre\">El equipo<\/div><\/div><\/a><\/li><\/ul><\/div><\/section>","protected":false},"excerpt":{"rendered":"","protected":false},"author":1,"featured_media":901,"parent":0,"menu_order":0,"comment_status":"closed","ping_status":"closed","template":"","meta":{"_acf_changed":false,"footnotes":""},"class_list":["post-1332","page","type-page","status-publish","has-post-thumbnail","hentry"],"acf":[],"yoast_head":"<!-- This site is optimized with the Yoast SEO plugin v25.3 - https:\/\/yoast.com\/wordpress\/plugins\/seo\/ -->\n<title>Alquiler de material de surf Hendaya | alquiler de tabla de surf, paddle, bodybard Pa\u00eds Vasco<\/title>\n<meta name=\"description\" content=\"Lehena ofrece alquiler de material de surf: stand up paddle, tabla de surf, bodyboards, trajes de neopreno, \u00a1elige!\" \/>\n<meta name=\"robots\" content=\"index, follow, max-snippet:-1, max-image-preview:large, max-video-preview:-1\" \/>\n<link rel=\"canonical\" href=\"https:\/\/www.lehena.com\/es\/alquiler-surf-hendaya\/\" \/>\n<meta property=\"og:locale\" content=\"es_ES\" \/>\n<meta property=\"og:type\" content=\"article\" \/>\n<meta property=\"og:title\" content=\"Alquiler de material de surf Hendaya | alquiler de tabla de surf, paddle, bodybard Pa\u00eds Vasco\" \/>\n<meta property=\"og:description\" content=\"Lehena ofrece alquiler de material de surf: stand up paddle, tabla de surf, bodyboards, trajes de neopreno, \u00a1elige!\" \/>\n<meta property=\"og:url\" content=\"https:\/\/www.lehena.com\/es\/alquiler-surf-hendaya\/\" \/>\n<meta property=\"og:site_name\" content=\"Lehena\" \/>\n<meta property=\"article:modified_time\" content=\"2021-07-22T07:28:55+00:00\" \/>\n<meta property=\"og:image\" content=\"https:\/\/www.lehena.com\/wp-content\/uploads\/2021\/07\/location-surf-hendaye.jpg\" \/>\n\t<meta property=\"og:image:width\" content=\"1900\" \/>\n\t<meta property=\"og:image:height\" content=\"400\" \/>\n\t<meta property=\"og:image:type\" content=\"image\/jpeg\" \/>\n<meta name=\"twitter:card\" content=\"summary_large_image\" \/>\n<script type=\"application\/ld+json\" class=\"yoast-schema-graph\">{\"@context\":\"https:\/\/schema.org\",\"@graph\":[{\"@type\":\"WebPage\",\"@id\":\"https:\/\/www.lehena.com\/es\/alquiler-surf-hendaya\/\",\"url\":\"https:\/\/www.lehena.com\/es\/alquiler-surf-hendaya\/\",\"name\":\"Alquiler de material de surf Hendaya | alquiler de tabla de surf, paddle, bodybard Pa\u00eds Vasco\",\"isPartOf\":{\"@id\":\"https:\/\/www.lehena.com\/es\/#website\"},\"primaryImageOfPage\":{\"@id\":\"https:\/\/www.lehena.com\/es\/alquiler-surf-hendaya\/#primaryimage\"},\"image\":{\"@id\":\"https:\/\/www.lehena.com\/es\/alquiler-surf-hendaya\/#primaryimage\"},\"thumbnailUrl\":\"https:\/\/www.lehena.com\/wp-content\/uploads\/2021\/07\/location-surf-hendaye.jpg\",\"datePublished\":\"2021-05-24T08:07:04+00:00\",\"dateModified\":\"2021-07-22T07:28:55+00:00\",\"description\":\"Lehena ofrece alquiler de material de surf: stand up paddle, tabla de surf, bodyboards, trajes de neopreno, \u00a1elige!\",\"breadcrumb\":{\"@id\":\"https:\/\/www.lehena.com\/es\/alquiler-surf-hendaya\/#breadcrumb\"},\"inLanguage\":\"es\",\"potentialAction\":[{\"@type\":\"ReadAction\",\"target\":[\"https:\/\/www.lehena.com\/es\/alquiler-surf-hendaya\/\"]}]},{\"@type\":\"ImageObject\",\"inLanguage\":\"es\",\"@id\":\"https:\/\/www.lehena.com\/es\/alquiler-surf-hendaya\/#primaryimage\",\"url\":\"https:\/\/www.lehena.com\/wp-content\/uploads\/2021\/07\/location-surf-hendaye.jpg\",\"contentUrl\":\"https:\/\/www.lehena.com\/wp-content\/uploads\/2021\/07\/location-surf-hendaye.jpg\",\"width\":1900,\"height\":400,\"caption\":\"location surf hendaye\"},{\"@type\":\"BreadcrumbList\",\"@id\":\"https:\/\/www.lehena.com\/es\/alquiler-surf-hendaya\/#breadcrumb\",\"itemListElement\":[{\"@type\":\"ListItem\",\"position\":1,\"name\":\"Ecole de surf Hendaye\",\"item\":\"https:\/\/www.lehena.com\/es\/\"},{\"@type\":\"ListItem\",\"position\":2,\"name\":\"Alquiler de material de surf en el Pa\u00eds Vasco\"}]},{\"@type\":\"WebSite\",\"@id\":\"https:\/\/www.lehena.com\/es\/#website\",\"url\":\"https:\/\/www.lehena.com\/es\/\",\"name\":\"Lehena\",\"description\":\"\",\"publisher\":{\"@id\":\"https:\/\/www.lehena.com\/es\/#organization\"},\"potentialAction\":[{\"@type\":\"SearchAction\",\"target\":{\"@type\":\"EntryPoint\",\"urlTemplate\":\"https:\/\/www.lehena.com\/es\/?s={search_term_string}\"},\"query-input\":{\"@type\":\"PropertyValueSpecification\",\"valueRequired\":true,\"valueName\":\"search_term_string\"}}],\"inLanguage\":\"es\"},{\"@type\":\"Organization\",\"@id\":\"https:\/\/www.lehena.com\/es\/#organization\",\"name\":\"Ecole de surf Lehena\",\"url\":\"https:\/\/www.lehena.com\/es\/\",\"logo\":{\"@type\":\"ImageObject\",\"inLanguage\":\"es\",\"@id\":\"https:\/\/www.lehena.com\/es\/#\/schema\/logo\/image\/\",\"url\":\"https:\/\/www.lehena.com\/wp-content\/uploads\/2021\/06\/favicon.png\",\"contentUrl\":\"https:\/\/www.lehena.com\/wp-content\/uploads\/2021\/06\/favicon.png\",\"width\":290,\"height\":290,\"caption\":\"Ecole de surf Lehena\"},\"image\":{\"@id\":\"https:\/\/www.lehena.com\/es\/#\/schema\/logo\/image\/\"}}]}<\/script>\n<!-- \/ Yoast SEO plugin. -->","yoast_head_json":{"title":"Alquiler de material de surf Hendaya | alquiler de tabla de surf, paddle, bodybard Pa\u00eds Vasco","description":"Lehena ofrece alquiler de material de surf: stand up paddle, tabla de surf, bodyboards, trajes de neopreno, \u00a1elige!","robots":{"index":"index","follow":"follow","max-snippet":"max-snippet:-1","max-image-preview":"max-image-preview:large","max-video-preview":"max-video-preview:-1"},"canonical":"https:\/\/www.lehena.com\/es\/alquiler-surf-hendaya\/","og_locale":"es_ES","og_type":"article","og_title":"Alquiler de material de surf Hendaya | alquiler de tabla de surf, paddle, bodybard Pa\u00eds Vasco","og_description":"Lehena ofrece alquiler de material de surf: stand up paddle, tabla de surf, bodyboards, trajes de neopreno, \u00a1elige!","og_url":"https:\/\/www.lehena.com\/es\/alquiler-surf-hendaya\/","og_site_name":"Lehena","article_modified_time":"2021-07-22T07:28:55+00:00","og_image":[{"width":1900,"height":400,"url":"https:\/\/www.lehena.com\/wp-content\/uploads\/2021\/07\/location-surf-hendaye.jpg","type":"image\/jpeg"}],"twitter_card":"summary_large_image","schema":{"@context":"https:\/\/schema.org","@graph":[{"@type":"WebPage","@id":"https:\/\/www.lehena.com\/es\/alquiler-surf-hendaya\/","url":"https:\/\/www.lehena.com\/es\/alquiler-surf-hendaya\/","name":"Alquiler de material de surf Hendaya | alquiler de tabla de surf, paddle, bodybard Pa\u00eds Vasco","isPartOf":{"@id":"https:\/\/www.lehena.com\/es\/#website"},"primaryImageOfPage":{"@id":"https:\/\/www.lehena.com\/es\/alquiler-surf-hendaya\/#primaryimage"},"image":{"@id":"https:\/\/www.lehena.com\/es\/alquiler-surf-hendaya\/#primaryimage"},"thumbnailUrl":"https:\/\/www.lehena.com\/wp-content\/uploads\/2021\/07\/location-surf-hendaye.jpg","datePublished":"2021-05-24T08:07:04+00:00","dateModified":"2021-07-22T07:28:55+00:00","description":"Lehena ofrece alquiler de material de surf: stand up paddle, tabla de surf, bodyboards, trajes de neopreno, \u00a1elige!","breadcrumb":{"@id":"https:\/\/www.lehena.com\/es\/alquiler-surf-hendaya\/#breadcrumb"},"inLanguage":"es","potentialAction":[{"@type":"ReadAction","target":["https:\/\/www.lehena.com\/es\/alquiler-surf-hendaya\/"]}]},{"@type":"ImageObject","inLanguage":"es","@id":"https:\/\/www.lehena.com\/es\/alquiler-surf-hendaya\/#primaryimage","url":"https:\/\/www.lehena.com\/wp-content\/uploads\/2021\/07\/location-surf-hendaye.jpg","contentUrl":"https:\/\/www.lehena.com\/wp-content\/uploads\/2021\/07\/location-surf-hendaye.jpg","width":1900,"height":400,"caption":"location surf hendaye"},{"@type":"BreadcrumbList","@id":"https:\/\/www.lehena.com\/es\/alquiler-surf-hendaya\/#breadcrumb","itemListElement":[{"@type":"ListItem","position":1,"name":"Ecole de surf Hendaye","item":"https:\/\/www.lehena.com\/es\/"},{"@type":"ListItem","position":2,"name":"Alquiler de material de surf en el Pa\u00eds Vasco"}]},{"@type":"WebSite","@id":"https:\/\/www.lehena.com\/es\/#website","url":"https:\/\/www.lehena.com\/es\/","name":"Lehena","description":"","publisher":{"@id":"https:\/\/www.lehena.com\/es\/#organization"},"potentialAction":[{"@type":"SearchAction","target":{"@type":"EntryPoint","urlTemplate":"https:\/\/www.lehena.com\/es\/?s={search_term_string}"},"query-input":{"@type":"PropertyValueSpecification","valueRequired":true,"valueName":"search_term_string"}}],"inLanguage":"es"},{"@type":"Organization","@id":"https:\/\/www.lehena.com\/es\/#organization","name":"Ecole de surf Lehena","url":"https:\/\/www.lehena.com\/es\/","logo":{"@type":"ImageObject","inLanguage":"es","@id":"https:\/\/www.lehena.com\/es\/#\/schema\/logo\/image\/","url":"https:\/\/www.lehena.com\/wp-content\/uploads\/2021\/06\/favicon.png","contentUrl":"https:\/\/www.lehena.com\/wp-content\/uploads\/2021\/06\/favicon.png","width":290,"height":290,"caption":"Ecole de surf Lehena"},"image":{"@id":"https:\/\/www.lehena.com\/es\/#\/schema\/logo\/image\/"}}]}},"_links":{"self":[{"href":"https:\/\/www.lehena.com\/es\/wp-json\/wp\/v2\/pages\/1332","targetHints":{"allow":["GET"]}}],"collection":[{"href":"https:\/\/www.lehena.com\/es\/wp-json\/wp\/v2\/pages"}],"about":[{"href":"https:\/\/www.lehena.com\/es\/wp-json\/wp\/v2\/types\/page"}],"author":[{"embeddable":true,"href":"https:\/\/www.lehena.com\/es\/wp-json\/wp\/v2\/users\/1"}],"replies":[{"embeddable":true,"href":"https:\/\/www.lehena.com\/es\/wp-json\/wp\/v2\/comments?post=1332"}],"version-history":[{"count":8,"href":"https:\/\/www.lehena.com\/es\/wp-json\/wp\/v2\/pages\/1332\/revisions"}],"predecessor-version":[{"id":2042,"href":"https:\/\/www.lehena.com\/es\/wp-json\/wp\/v2\/pages\/1332\/revisions\/2042"}],"wp:featuredmedia":[{"embeddable":true,"href":"https:\/\/www.lehena.com\/es\/wp-json\/wp\/v2\/media\/901"}],"wp:attachment":[{"href":"https:\/\/www.lehena.com\/es\/wp-json\/wp\/v2\/media?parent=1332"}],"curies":[{"name":"wp","href":"https:\/\/api.w.org\/{rel}","templated":true}]}}