{"id":1367,"date":"2021-05-24T10:08:36","date_gmt":"2021-05-24T08:08:36","guid":{"rendered":"https:\/\/www.lehena.com\/ecole-surf-guethary-bidart\/"},"modified":"2021-07-22T11:05:43","modified_gmt":"2021-07-22T09:05:43","slug":"escuela-surf-guethary-bidart","status":"publish","type":"page","link":"https:\/\/www.lehena.com\/es\/escuela-surf-guethary-bidart\/","title":{"rendered":"Les spots de surf : Guethary \/ Bidart"},"content":{"rendered":"<section id=\"section-5f44d4e49e6de\"\" class=\"section third-home bg-white\" \/><div class=\"container extralarge\"><h1 class=\"element section-title center\">Surf en Gu\u00e9thary y Bidart<\/h1><div class=\"element images\"><div class=\"image\"><img decoding=\"async\" src=\"https:\/\/www.lehena.com\/wp-content\/uploads\/2021\/05\/surf-lehena-100x8.png\" data-src=\"https:\/\/www.lehena.com\/wp-content\/uploads\/2021\/05\/surf-lehena.png\" alt=\"cours de surf bidart\" class=\"images_image\" \/><\/div><\/div><\/div><\/section>\n\n<section id=\"section-5f44e1eb795e0\"\" class=\"section bg-white p-t-0 p-b-0\" \/><div class=\"container full\"><div class=\"colonnes-wrap valign-middle \"><div class=\"element colonne w-20 p-0\"><div class=\"element images\"><div class=\"image\"><img decoding=\"async\" src=\"https:\/\/www.lehena.com\/wp-content\/uploads\/2021\/07\/ecole-surf-bidart-1-100x100.jpg\" data-src=\"https:\/\/www.lehena.com\/wp-content\/uploads\/2021\/07\/ecole-surf-bidart-1.jpg\" alt=\"ecole surf Bidart\" class=\"images_image\" \/><\/div><\/div><\/div><div class=\"element colonne w-60 p-x-6 p-y-4\"><h2 class=\"element section-title center\">Escuela de surf cerca de Gu\u00e9thary y Bidart<\/h2><div class=\"element bloc-text center \">\n\t<p>Las localidades de Gu\u00e9thary y Bidart se encuentran al norte de San Juan de Luz y a escasos 20 kil\u00f3metros de la playa y de la <a href=\"\/es\/\">escuela de surf de Hendaya<\/a>.<\/p>\n<p>As\u00ed, puede llegar a Hendaya atravesando <a href=\"\/es\/escuela-surf-saint-jean-de-luz\/\">Saint-Jean-de-Luz<\/a> por la carretera nacional o tomando la autopista hasta la salida de Saint-Jean-de-Luz Sud (Urrugne) y terminando por la carretera de la Corniche.<\/p>\n<p>Adem\u00e1s de Hendaya, que es la ciudad ideal para practicar el surf, descubra los puntos de surf de Anglet, as\u00ed como los de Biarritz. Las hermosas olas del Pa\u00eds Vasco le har\u00e1n vivir momentos de emoci\u00f3n tanto si es un principiante como un surfista experimentado.<\/p>\n<\/div><\/div><div class=\"element colonne w-20 p-0\"><div class=\"element images\"><div class=\"image\"><img decoding=\"async\" src=\"https:\/\/www.lehena.com\/wp-content\/uploads\/2021\/07\/SPOT-SURF-BIDART-100x100.jpg\" data-src=\"https:\/\/www.lehena.com\/wp-content\/uploads\/2021\/07\/SPOT-SURF-BIDART.jpg\" alt=\"SPOT SURF BIDART\" class=\"images_image\" \/><\/div><\/div><\/div><\/div><\/div><\/section>\n\n<section id=\"section-5f44e1eb79f1b\"\" class=\"section bg-color1 p-t-0 p-b-0\" \/><div class=\"container full\"><div class=\"colonnes-wrap valign-middle \"><div class=\"element colonne p-0\"><div class=\"element images\"><div class=\"image\"><img decoding=\"async\" src=\"https:\/\/www.lehena.com\/wp-content\/uploads\/2021\/07\/ecole-surf-bidart-100x68.jpg\" data-src=\"https:\/\/www.lehena.com\/wp-content\/uploads\/2021\/07\/ecole-surf-bidart.jpg\" alt=\"ecole de surf bidart\" class=\"images_image\" \/><\/div><\/div><\/div><div class=\"element colonne p-x-8 p-y-10\"><h2 class=\"element section-title justify\">Surf en Gu\u00e9thary y Bidart<\/h2><div class=\"element bloc-text justify \">\n\t<p>Las olas de Gu\u00e9thary, y m\u00e1s concretamente la de <strong class=\"bold color3\">Parlementia<\/strong>, son conocidas por ser grandes y potentes; tienen la particularidad de producirse exclusivamente sobre un <strong class=\"bold color3\">fondo rocoso<\/strong>.<br \/>\n\u00a1Los <strong class=\"bold color3\">buscadores de emociones<\/strong> lo agradecer\u00e1n!<\/p>\n<p>Las olas de Bidart ofrecen una \u00abmezcla\u00bb entre arena y roca con <strong class=\"bold color3\">olas<\/strong> m\u00e1s potentes y <strong class=\"bold color3\">m\u00e1s peligrosas<\/strong> que en <a href=\"\/es\/surf-hendaya\/\">Hendaye<\/a>. <\/p>\n<p>A no ser que ya tengas un <strong class=\"bold color3\">buen nivel<\/strong>, lo mejor es venir a Hendaya si buscas una escuela de surf en Gu\u00e9thary o Bidart. <\/p>\n<\/div><\/div><\/div><\/div><\/section>\n\n<section id=\"section-last\"\" class=\"section bg-white p-t-0 p-b-0\" \/><div class=\"container full\"><div class=\"colonnes-wrap valign-middle \"><div class=\"element colonne w-20 p-0\"><div class=\"element images\"><div class=\"image\"><img decoding=\"async\" src=\"https:\/\/www.lehena.com\/wp-content\/uploads\/2021\/07\/stage-surf-bidart-100x97.jpg\" data-src=\"https:\/\/www.lehena.com\/wp-content\/uploads\/2021\/07\/stage-surf-bidart.jpg\" alt=\"stage surf bidart\" class=\"images_image\" \/><\/div><\/div><div class=\"element images\"><div class=\"image\"><img decoding=\"async\" src=\"https:\/\/www.lehena.com\/wp-content\/uploads\/2021\/07\/cours-surf-bidart-1-100x100.jpg\" data-src=\"https:\/\/www.lehena.com\/wp-content\/uploads\/2021\/07\/cours-surf-bidart-1.jpg\" alt=\"cours surf bidart\" class=\"images_image\" \/><\/div><\/div><\/div><div class=\"element colonne w-60 p-x-6 p-y-4\"><h2 class=\"element section-title center\">Los mejores lugares para surfear en Gu\u00e9thary y Bidart<\/h2><div class=\"element bloc-text center \">\n\t<ul>\n<li><strong class=\"bold color1\">Los Alcyons<\/strong>: Se trata de una potente izquierda que ofrece diferentes secciones y que discurre sobre un <strong class=\"bold color1\">fondo rocoso<\/strong>. Se surfea mejor a media marea o incluso con marea baja en coeficientes peque\u00f1os. Ola adecuada para <strong class=\"bold color1\">surfistas de buen nivel<\/strong>.<\/li>\n<li ><strong class=\"bold color1\">Avalancha<\/strong>: Considerado el punto de encuentro de los <strong class=\"bold color1\">amantes de las olas grandes<\/strong>. La avalancha se forma a partir de la <strong class=\"bold color1\">Ola Alcyon<\/strong> y necesita la fuerza de las grandes bajas oto\u00f1ales e invernales para despertar.<\/li>\n<li><strong class=\"bold color1\">Parlementia<\/strong>: <strong class=\"bold color1\">Una de las olas m\u00e1s famosas que existen<\/strong>, a menudo comparada con la ola Sunset de Hawai. Es una ola que se monta mejor con una <strong class=\"bold color1\">tabla grande<\/strong> y puede funcionar en tama\u00f1os peque\u00f1os, medianos y grandes.<\/li>\n<li><strong class=\"bold color1\">Playa de l&#8217;Uhabia<\/strong> : <strong class=\"bold color1\">Playa de arena fina<\/strong> dividida en dos por un r\u00edo hom\u00f3nimo. El punto de retroceso de Bidart que puede ofrecer <strong class=\"bold color1\">buenos bancos de arena<\/strong> en la desembocadura del r\u00edo.<\/li>\n<li><strong class=\"bold color1\">Playa del centro<\/strong>: <strong class=\"bold color1\">Punto que capta el mayor oleaje<\/strong> de todas las playas de Bidart. Cuidado, sin embargo, con el malec\u00f3n en medio de la playa y las rocas presentes al pie del acantilado.<\/li>\n<li><strong class=\"bold color1\">Playa de Erretegia<\/strong> : Playa que ofrece una <strong class=\"bold color1\">mezcla de arena y roca<\/strong> al pie de una colina cubierta de vegetaci\u00f3n. En esta parte de la playa las <strong class=\"bold color1\">olas son m\u00e1s accesibles<\/strong> que en la parte norte (Pavillon Royal) donde las olas son mucho m\u00e1s potentes.<\/li>\n<\/ul>\n<\/div><\/div><div class=\"element colonne w-20 p-0\"><div class=\"element images\"><div class=\"image\"><img decoding=\"async\" src=\"https:\/\/www.lehena.com\/wp-content\/uploads\/2021\/07\/apprendre-a-surfer-guethary-100x97.jpg\" data-src=\"https:\/\/www.lehena.com\/wp-content\/uploads\/2021\/07\/apprendre-a-surfer-guethary.jpg\" alt=\"apprendre a surfer guethary\" class=\"images_image\" \/><\/div><\/div><div class=\"element images\"><div class=\"image\"><img decoding=\"async\" src=\"https:\/\/www.lehena.com\/wp-content\/uploads\/2021\/07\/surf-guethary-100x97.jpg\" data-src=\"https:\/\/www.lehena.com\/wp-content\/uploads\/2021\/07\/surf-guethary.jpg\" alt=\"surf guethary\" class=\"images_image\" \/><\/div><\/div><\/div><\/div><\/div><\/section>\n\n<section id=\"section-5f44e1eb7b004\"\" class=\"section bg-color3\" \/><div class=\"container extralarge\"><div class=\"element section-title center titre-cta\">Otros puntos de surf en la costa vasca<\/div><ul class=\"liste-de-page\"><li class=\"element call-to-action carre call-to-action--style-1 call-to-action--normal\"><a href=\"https:\/\/www.lehena.com\/es\/surf-hendaya-tiempo\/\"  class=\"call-to-action_link\" title=\"M\u00e1s informaci\u00f3n surf report\"><div class=\"call-to-action_image\"><img decoding=\"async\" src=\"https:\/\/www.lehena.com\/wp-content\/uploads\/2021\/07\/stage-surf-bidart-100x97.jpg\" data-src=\"https:\/\/www.lehena.com\/wp-content\/uploads\/2021\/07\/stage-surf-bidart.jpg\" alt=\"stage surf bidart\" class=\"normal\" \/><\/div><div class=\"call-to-action_contenu\"><div class=\"call-to-action_titre\">Surf report<\/div><\/div><\/a><\/li><li class=\"element call-to-action carre call-to-action--style-1 call-to-action--normal call-to-action--style-1 call-to-action--normal\"><a href=\"https:\/\/www.lehena.com\/es\/surf-hendaya\/\"  class=\"call-to-action_link\" title=\"M\u00e1s informaci\u00f3n hendaya\"><div class=\"call-to-action_image\"><img decoding=\"async\" src=\"https:\/\/www.lehena.com\/wp-content\/uploads\/2021\/07\/cours-de-surf-a-hendaye-100x21.jpg\" data-src=\"https:\/\/www.lehena.com\/wp-content\/uploads\/2021\/07\/cours-de-surf-a-hendaye.jpg\" alt=\"cours de surf a hendaye\" class=\"normal\" \/><\/div><div class=\"call-to-action_contenu\"><div class=\"call-to-action_titre\">HENDAYA<\/div><\/div><\/a><\/li><li class=\"element call-to-action carre call-to-action--style-1 call-to-action--normal call-to-action--style-1 call-to-action--normal call-to-action--style-1 call-to-action--normal\"><a href=\"https:\/\/www.lehena.com\/es\/escuela-surf-saint-jean-de-luz\/\"  class=\"call-to-action_link\" title=\"M\u00e1s informaci\u00f3n saint jean de luz\"><div class=\"call-to-action_image\"><img decoding=\"async\" src=\"https:\/\/www.lehena.com\/wp-content\/uploads\/2021\/05\/spot-surf-st-jean-de-luz-100x56.jpg\" data-src=\"https:\/\/www.lehena.com\/wp-content\/uploads\/2021\/05\/spot-surf-st-jean-de-luz.jpg\" alt=\"spot surf st-jean-de-luz\" class=\"normal\" \/><\/div><div class=\"call-to-action_contenu\"><div class=\"call-to-action_titre\">Saint Jean de Luz<\/div><\/div><\/a><\/li><\/ul><\/div><\/section>","protected":false},"excerpt":{"rendered":"","protected":false},"author":1,"featured_media":243,"parent":0,"menu_order":0,"comment_status":"closed","ping_status":"closed","template":"","meta":{"_acf_changed":false,"footnotes":""},"class_list":["post-1367","page","type-page","status-publish","has-post-thumbnail","hentry"],"acf":[],"yoast_head":"<!-- This site is optimized with the Yoast SEO plugin v25.3 - https:\/\/yoast.com\/wordpress\/plugins\/seo\/ -->\n<title>Escuela de surf cerca de Gu\u00e9thary, Bidart | Puntos de surf en Gu\u00e9thary, Bidart (64)<\/title>\n<meta name=\"robots\" content=\"index, follow, max-snippet:-1, max-image-preview:large, max-video-preview:-1\" \/>\n<link rel=\"canonical\" href=\"https:\/\/www.lehena.com\/es\/escuela-surf-guethary-bidart\/\" \/>\n<meta property=\"og:locale\" content=\"es_ES\" \/>\n<meta property=\"og:type\" content=\"article\" \/>\n<meta property=\"og:title\" content=\"Escuela de surf cerca de Gu\u00e9thary, Bidart | Puntos de surf en Gu\u00e9thary, Bidart (64)\" \/>\n<meta property=\"og:url\" content=\"https:\/\/www.lehena.com\/es\/escuela-surf-guethary-bidart\/\" \/>\n<meta property=\"og:site_name\" content=\"Lehena\" \/>\n<meta property=\"article:modified_time\" content=\"2021-07-22T09:05:43+00:00\" \/>\n<meta property=\"og:image\" content=\"https:\/\/www.lehena.com\/wp-content\/uploads\/2021\/06\/surf-guethary.jpg\" \/>\n\t<meta property=\"og:image:width\" content=\"1902\" \/>\n\t<meta property=\"og:image:height\" content=\"400\" \/>\n\t<meta property=\"og:image:type\" content=\"image\/jpeg\" \/>\n<meta name=\"twitter:card\" content=\"summary_large_image\" \/>\n<script type=\"application\/ld+json\" class=\"yoast-schema-graph\">{\"@context\":\"https:\/\/schema.org\",\"@graph\":[{\"@type\":\"WebPage\",\"@id\":\"https:\/\/www.lehena.com\/es\/escuela-surf-guethary-bidart\/\",\"url\":\"https:\/\/www.lehena.com\/es\/escuela-surf-guethary-bidart\/\",\"name\":\"Escuela de surf cerca de Gu\u00e9thary, Bidart | Puntos de surf en Gu\u00e9thary, Bidart (64)\",\"isPartOf\":{\"@id\":\"https:\/\/www.lehena.com\/es\/#website\"},\"primaryImageOfPage\":{\"@id\":\"https:\/\/www.lehena.com\/es\/escuela-surf-guethary-bidart\/#primaryimage\"},\"image\":{\"@id\":\"https:\/\/www.lehena.com\/es\/escuela-surf-guethary-bidart\/#primaryimage\"},\"thumbnailUrl\":\"https:\/\/www.lehena.com\/wp-content\/uploads\/2021\/06\/surf-guethary.jpg\",\"datePublished\":\"2021-05-24T08:08:36+00:00\",\"dateModified\":\"2021-07-22T09:05:43+00:00\",\"breadcrumb\":{\"@id\":\"https:\/\/www.lehena.com\/es\/escuela-surf-guethary-bidart\/#breadcrumb\"},\"inLanguage\":\"es\",\"potentialAction\":[{\"@type\":\"ReadAction\",\"target\":[\"https:\/\/www.lehena.com\/es\/escuela-surf-guethary-bidart\/\"]}]},{\"@type\":\"ImageObject\",\"inLanguage\":\"es\",\"@id\":\"https:\/\/www.lehena.com\/es\/escuela-surf-guethary-bidart\/#primaryimage\",\"url\":\"https:\/\/www.lehena.com\/wp-content\/uploads\/2021\/06\/surf-guethary.jpg\",\"contentUrl\":\"https:\/\/www.lehena.com\/wp-content\/uploads\/2021\/06\/surf-guethary.jpg\",\"width\":1902,\"height\":400,\"caption\":\"surf guethary\"},{\"@type\":\"BreadcrumbList\",\"@id\":\"https:\/\/www.lehena.com\/es\/escuela-surf-guethary-bidart\/#breadcrumb\",\"itemListElement\":[{\"@type\":\"ListItem\",\"position\":1,\"name\":\"Ecole de surf Hendaye\",\"item\":\"https:\/\/www.lehena.com\/es\/\"},{\"@type\":\"ListItem\",\"position\":2,\"name\":\"Escuela de surf cerca de Gu\u00e9thary, Bidart\"}]},{\"@type\":\"WebSite\",\"@id\":\"https:\/\/www.lehena.com\/es\/#website\",\"url\":\"https:\/\/www.lehena.com\/es\/\",\"name\":\"Lehena\",\"description\":\"\",\"publisher\":{\"@id\":\"https:\/\/www.lehena.com\/es\/#organization\"},\"potentialAction\":[{\"@type\":\"SearchAction\",\"target\":{\"@type\":\"EntryPoint\",\"urlTemplate\":\"https:\/\/www.lehena.com\/es\/?s={search_term_string}\"},\"query-input\":{\"@type\":\"PropertyValueSpecification\",\"valueRequired\":true,\"valueName\":\"search_term_string\"}}],\"inLanguage\":\"es\"},{\"@type\":\"Organization\",\"@id\":\"https:\/\/www.lehena.com\/es\/#organization\",\"name\":\"Ecole de surf Lehena\",\"url\":\"https:\/\/www.lehena.com\/es\/\",\"logo\":{\"@type\":\"ImageObject\",\"inLanguage\":\"es\",\"@id\":\"https:\/\/www.lehena.com\/es\/#\/schema\/logo\/image\/\",\"url\":\"https:\/\/www.lehena.com\/wp-content\/uploads\/2021\/06\/favicon.png\",\"contentUrl\":\"https:\/\/www.lehena.com\/wp-content\/uploads\/2021\/06\/favicon.png\",\"width\":290,\"height\":290,\"caption\":\"Ecole de surf Lehena\"},\"image\":{\"@id\":\"https:\/\/www.lehena.com\/es\/#\/schema\/logo\/image\/\"}}]}<\/script>\n<!-- \/ Yoast SEO plugin. -->","yoast_head_json":{"title":"Escuela de surf cerca de Gu\u00e9thary, Bidart | Puntos de surf en Gu\u00e9thary, Bidart (64)","robots":{"index":"index","follow":"follow","max-snippet":"max-snippet:-1","max-image-preview":"max-image-preview:large","max-video-preview":"max-video-preview:-1"},"canonical":"https:\/\/www.lehena.com\/es\/escuela-surf-guethary-bidart\/","og_locale":"es_ES","og_type":"article","og_title":"Escuela de surf cerca de Gu\u00e9thary, Bidart | Puntos de surf en Gu\u00e9thary, Bidart (64)","og_url":"https:\/\/www.lehena.com\/es\/escuela-surf-guethary-bidart\/","og_site_name":"Lehena","article_modified_time":"2021-07-22T09:05:43+00:00","og_image":[{"width":1902,"height":400,"url":"https:\/\/www.lehena.com\/wp-content\/uploads\/2021\/06\/surf-guethary.jpg","type":"image\/jpeg"}],"twitter_card":"summary_large_image","schema":{"@context":"https:\/\/schema.org","@graph":[{"@type":"WebPage","@id":"https:\/\/www.lehena.com\/es\/escuela-surf-guethary-bidart\/","url":"https:\/\/www.lehena.com\/es\/escuela-surf-guethary-bidart\/","name":"Escuela de surf cerca de Gu\u00e9thary, Bidart | Puntos de surf en Gu\u00e9thary, Bidart (64)","isPartOf":{"@id":"https:\/\/www.lehena.com\/es\/#website"},"primaryImageOfPage":{"@id":"https:\/\/www.lehena.com\/es\/escuela-surf-guethary-bidart\/#primaryimage"},"image":{"@id":"https:\/\/www.lehena.com\/es\/escuela-surf-guethary-bidart\/#primaryimage"},"thumbnailUrl":"https:\/\/www.lehena.com\/wp-content\/uploads\/2021\/06\/surf-guethary.jpg","datePublished":"2021-05-24T08:08:36+00:00","dateModified":"2021-07-22T09:05:43+00:00","breadcrumb":{"@id":"https:\/\/www.lehena.com\/es\/escuela-surf-guethary-bidart\/#breadcrumb"},"inLanguage":"es","potentialAction":[{"@type":"ReadAction","target":["https:\/\/www.lehena.com\/es\/escuela-surf-guethary-bidart\/"]}]},{"@type":"ImageObject","inLanguage":"es","@id":"https:\/\/www.lehena.com\/es\/escuela-surf-guethary-bidart\/#primaryimage","url":"https:\/\/www.lehena.com\/wp-content\/uploads\/2021\/06\/surf-guethary.jpg","contentUrl":"https:\/\/www.lehena.com\/wp-content\/uploads\/2021\/06\/surf-guethary.jpg","width":1902,"height":400,"caption":"surf guethary"},{"@type":"BreadcrumbList","@id":"https:\/\/www.lehena.com\/es\/escuela-surf-guethary-bidart\/#breadcrumb","itemListElement":[{"@type":"ListItem","position":1,"name":"Ecole de surf Hendaye","item":"https:\/\/www.lehena.com\/es\/"},{"@type":"ListItem","position":2,"name":"Escuela de surf cerca de Gu\u00e9thary, Bidart"}]},{"@type":"WebSite","@id":"https:\/\/www.lehena.com\/es\/#website","url":"https:\/\/www.lehena.com\/es\/","name":"Lehena","description":"","publisher":{"@id":"https:\/\/www.lehena.com\/es\/#organization"},"potentialAction":[{"@type":"SearchAction","target":{"@type":"EntryPoint","urlTemplate":"https:\/\/www.lehena.com\/es\/?s={search_term_string}"},"query-input":{"@type":"PropertyValueSpecification","valueRequired":true,"valueName":"search_term_string"}}],"inLanguage":"es"},{"@type":"Organization","@id":"https:\/\/www.lehena.com\/es\/#organization","name":"Ecole de surf Lehena","url":"https:\/\/www.lehena.com\/es\/","logo":{"@type":"ImageObject","inLanguage":"es","@id":"https:\/\/www.lehena.com\/es\/#\/schema\/logo\/image\/","url":"https:\/\/www.lehena.com\/wp-content\/uploads\/2021\/06\/favicon.png","contentUrl":"https:\/\/www.lehena.com\/wp-content\/uploads\/2021\/06\/favicon.png","width":290,"height":290,"caption":"Ecole de surf Lehena"},"image":{"@id":"https:\/\/www.lehena.com\/es\/#\/schema\/logo\/image\/"}}]}},"_links":{"self":[{"href":"https:\/\/www.lehena.com\/es\/wp-json\/wp\/v2\/pages\/1367","targetHints":{"allow":["GET"]}}],"collection":[{"href":"https:\/\/www.lehena.com\/es\/wp-json\/wp\/v2\/pages"}],"about":[{"href":"https:\/\/www.lehena.com\/es\/wp-json\/wp\/v2\/types\/page"}],"author":[{"embeddable":true,"href":"https:\/\/www.lehena.com\/es\/wp-json\/wp\/v2\/users\/1"}],"replies":[{"embeddable":true,"href":"https:\/\/www.lehena.com\/es\/wp-json\/wp\/v2\/comments?post=1367"}],"version-history":[{"count":13,"href":"https:\/\/www.lehena.com\/es\/wp-json\/wp\/v2\/pages\/1367\/revisions"}],"predecessor-version":[{"id":2202,"href":"https:\/\/www.lehena.com\/es\/wp-json\/wp\/v2\/pages\/1367\/revisions\/2202"}],"wp:featuredmedia":[{"embeddable":true,"href":"https:\/\/www.lehena.com\/es\/wp-json\/wp\/v2\/media\/243"}],"wp:attachment":[{"href":"https:\/\/www.lehena.com\/es\/wp-json\/wp\/v2\/media?parent=1367"}],"curies":[{"name":"wp","href":"https:\/\/api.w.org\/{rel}","templated":true}]}}