{"id":1368,"date":"2021-05-24T10:08:04","date_gmt":"2021-05-24T08:08:04","guid":{"rendered":"https:\/\/www.lehena.com\/surf-hendaye\/"},"modified":"2021-07-22T11:11:54","modified_gmt":"2021-07-22T09:11:54","slug":"surf-hendaya","status":"publish","type":"page","link":"https:\/\/www.lehena.com\/es\/surf-hendaya\/","title":{"rendered":"Les spots de surf : Hendaye"},"content":{"rendered":"<section id=\"section-5f44d4e49e6de\"\" class=\"section third-home bg-white\" \/><div class=\"container extralarge\"><h1 class=\"element section-title center\">Surf en Hendaya<\/h1><div class=\"element images\"><div class=\"image\"><img decoding=\"async\" src=\"https:\/\/www.lehena.com\/wp-content\/uploads\/2021\/05\/surf-lehena-100x8.png\" data-src=\"https:\/\/www.lehena.com\/wp-content\/uploads\/2021\/05\/surf-lehena.png\" alt=\"spot de surf hendaye\" class=\"images_image\" \/><\/div><\/div><\/div><\/section>\n\n<section id=\"section-5f44e1eb795e0\"\" class=\"section bg-white p-t-0 p-b-0\" \/><div class=\"container full\"><div class=\"colonnes-wrap valign-middle \"><div class=\"element colonne w-20 p-0\"><div class=\"element images\"><div class=\"image\"><img decoding=\"async\" src=\"https:\/\/www.lehena.com\/wp-content\/uploads\/2021\/07\/location-surf-hendaye-1-100x97.jpg\" data-src=\"https:\/\/www.lehena.com\/wp-content\/uploads\/2021\/07\/location-surf-hendaye-1.jpg\" alt=\"location surf hendaye\" class=\"images_image\" \/><\/div><\/div><div class=\"element images\"><div class=\"image\"><img decoding=\"async\" src=\"https:\/\/www.lehena.com\/wp-content\/uploads\/2021\/07\/battitt-moniteur-lehena-2-100x100.jpg\" data-src=\"https:\/\/www.lehena.com\/wp-content\/uploads\/2021\/07\/battitt-moniteur-lehena-2.jpg\" alt=\"prof surf hendaye\" class=\"images_image\" \/><\/div><\/div><\/div><div class=\"element colonne w-60 p-x-6 p-y-4\"><h2 class=\"element section-title center\">Los mejores lugares para surfear en Hendaya<\/h2><div class=\"element bloc-text center \">\n\t<p>El spot de surf de Hendaya es una playa de ensue\u00f1o para aprender a surfear. Su laguna de arena fina se extiende a lo largo de varios kil\u00f3metros, en una bah\u00eda protegida al abrigo del viento. Est\u00e1 expuesta al oleaje del noroeste. Esto permite obtener ondas asequibles en cualquier circunstancia, incluso cuando las manchas circundantes est\u00e1n saturadas. El fondo arenoso y la ausencia de rocas ofrecen a todos los surfistas un amplio espacio para surfear. Es un buen punto de apoyo.<\/p>\n<p>El paraje de Hendaya est\u00e1 en suave pendiente. A los surfistas les resulta m\u00e1s f\u00e1cil mantenerse en pie, maniobrar y moverse sobre las olas. Es un lugar excelente para aprender y progresar. Tambi\u00e9n atrae a los surfistas con buen nivel con sus olas asequibles.<\/p>\n<p>La temperatura del agua en Hendaya var\u00eda de 11\u00b0C a 25\u00b0C. Por lo tanto, es muy agradable y no requiere el uso de un traje de neopreno que restrinja demasiado los movimientos. En verano, es a\u00fan m\u00e1s agradable.<\/p>\n<p>Gracias a un oleaje de medio a largo, las olas del spot de Hendaya corren muy bien. Al estar protegida del viento, suele ofrecer buenas olas durante las tormentas. El viento del sur o del suroeste no afecta a su calidad.<\/p>\n<p>Descubra tambi\u00e9n los mejores puntos de surf en <a href=\"\/es\/escuela-surf-saint-jean-de-luz\/\">San Juan de Luz<\/a> y <a href=\"\/es\/escuela-surf-guethary-bidart\/\">Gu\u00e9tary<\/a>.<\/p>\n<\/div><\/div><div class=\"element colonne w-20 p-0\"><div class=\"element images\"><div class=\"image\"><img decoding=\"async\" src=\"https:\/\/www.lehena.com\/wp-content\/uploads\/2021\/07\/spot-surf-hendaye-100x100.jpg\" data-src=\"https:\/\/www.lehena.com\/wp-content\/uploads\/2021\/07\/spot-surf-hendaye.jpg\" alt=\"jeux enfants piscine ext\u00e8reiure\" class=\"images_image\" \/><\/div><\/div><div class=\"element images\"><div class=\"image\"><img decoding=\"async\" src=\"https:\/\/www.lehena.com\/wp-content\/uploads\/2021\/07\/ecole-surf-hendaye-1-100x97.jpg\" data-src=\"https:\/\/www.lehena.com\/wp-content\/uploads\/2021\/07\/ecole-surf-hendaye-1.jpg\" alt=\"piscine transats\" class=\"images_image\" \/><\/div><\/div><\/div><\/div><\/div><\/section>\n\n<section id=\"section-5f44e1eb79f1b\"\" class=\"section bg-color1 p-t-0 p-b-0\" \/><div class=\"container full\"><div class=\"colonnes-wrap valign-middle \"><div class=\"element colonne p-0\"><div class=\"element images\"><div class=\"image\"><img decoding=\"async\" src=\"https:\/\/www.lehena.com\/wp-content\/uploads\/2021\/07\/apprendre-a-surfer-hendaye-100x68.jpg\" data-src=\"https:\/\/www.lehena.com\/wp-content\/uploads\/2021\/07\/apprendre-a-surfer-hendaye.jpg\" alt=\"apprendre a surfer hendaye\" class=\"images_image\" \/><\/div><\/div><\/div><div class=\"element colonne p-x-8 p-y-10\"><h2 class=\"element section-title justify\">Actividades acu\u00e1ticas en Hendaya<\/h2><div class=\"element bloc-text justify \">\n\t<p>El lugar de Hendaya es tambi\u00e9n un para\u00edso para otras actividades como la vela, el surf, el kayak y el buceo. Adem\u00e1s, tiene la ventaja de ser seguro y supervisado durante el periodo de vacaciones. Efectivamente, hay puestos de socorrismo, un amplio aparcamiento y un buen n\u00famero de escuelas de surf de Hendaya a lo largo de las playas.<\/p>\n<p>La <a href=\"\/es\/\">Escuela de surf Lehena<\/a> es sin duda la mejor escuela de surf de Hendaya. Ofrece cursos de iniciaci\u00f3n a las t\u00e9cnicas b\u00e1sicas de surf y pr\u00e1cticas acompa\u00f1adas por instructores profesionales y experimentados; pero tambi\u00e9n alquiler de material. Tambi\u00e9n se ofrecen cursos y talleres para que todo el mundo pueda entender el medio marino.<\/p>\n<\/div><\/div><\/div><\/div><\/section>\n\n<section id=\"section-5f44e1eb7b004\"\" class=\"section bg-color3\" \/><div class=\"container extralarge\"><div class=\"element section-title center titre-cta\">Descubra los puntos de surf de la zona<\/div><ul class=\"liste-de-page\"><li class=\"element call-to-action carre call-to-action--style-1 call-to-action--normal\"><a href=\"https:\/\/www.lehena.com\/es\/surf-hendaya-tiempo\/\"  class=\"call-to-action_link\" title=\"M\u00e1s informaci\u00f3n surf report\"><div class=\"call-to-action_image\"><img decoding=\"async\" src=\"https:\/\/www.lehena.com\/wp-content\/uploads\/2021\/07\/stage-surf-bidart-100x97.jpg\" data-src=\"https:\/\/www.lehena.com\/wp-content\/uploads\/2021\/07\/stage-surf-bidart.jpg\" alt=\"stage surf bidart\" class=\"normal\" \/><\/div><div class=\"call-to-action_contenu\"><div class=\"call-to-action_titre\">Surf report<\/div><\/div><\/a><\/li><li class=\"element call-to-action carre call-to-action--style-1 call-to-action--normal call-to-action--style-1 call-to-action--normal\"><a href=\"https:\/\/www.lehena.com\/es\/escuela-surf-guethary-bidart\/\"  class=\"call-to-action_link\" title=\"M\u00e1s informaci\u00f3n gu\u00e9thary, bidart\"><div class=\"call-to-action_image\"><img decoding=\"async\" src=\"https:\/\/www.lehena.com\/wp-content\/uploads\/2021\/06\/spots-surf-guethary-100x56.jpg\" data-src=\"https:\/\/www.lehena.com\/wp-content\/uploads\/2021\/06\/spots-surf-guethary.jpg\" alt=\"surfer a guethary\" class=\"normal\" \/><\/div><div class=\"call-to-action_contenu\"><div class=\"call-to-action_titre\">Gu\u00e9thary, Bidart<\/div><\/div><\/a><\/li><li class=\"element call-to-action carre call-to-action--style-1 call-to-action--normal call-to-action--style-1 call-to-action--normal call-to-action--style-1 call-to-action--normal\"><a href=\"https:\/\/www.lehena.com\/es\/escuela-surf-saint-jean-de-luz\/\"  class=\"call-to-action_link\" title=\"M\u00e1s informaci\u00f3n saint jean de luz\"><div class=\"call-to-action_image\"><img decoding=\"async\" src=\"https:\/\/www.lehena.com\/wp-content\/uploads\/2021\/05\/spot-surf-st-jean-de-luz-100x56.jpg\" data-src=\"https:\/\/www.lehena.com\/wp-content\/uploads\/2021\/05\/spot-surf-st-jean-de-luz.jpg\" alt=\"spot surf st-jean-de-luz\" class=\"normal\" \/><\/div><div class=\"call-to-action_contenu\"><div class=\"call-to-action_titre\">Saint Jean de Luz<\/div><\/div><\/a><\/li><\/ul><\/div><\/section>","protected":false},"excerpt":{"rendered":"","protected":false},"author":1,"featured_media":1121,"parent":0,"menu_order":0,"comment_status":"closed","ping_status":"closed","template":"","meta":{"_acf_changed":false,"footnotes":""},"class_list":["post-1368","page","type-page","status-publish","has-post-thumbnail","hentry"],"acf":[],"yoast_head":"<!-- This site is optimized with the Yoast SEO plugin v25.3 - https:\/\/yoast.com\/wordpress\/plugins\/seo\/ -->\n<title>Lugares para surfear en Hendaya | Surf, actividades acu\u00e1ticas Hendaya (64)<\/title>\n<meta name=\"robots\" content=\"index, follow, max-snippet:-1, max-image-preview:large, max-video-preview:-1\" \/>\n<link rel=\"canonical\" href=\"https:\/\/www.lehena.com\/es\/surf-hendaya\/\" \/>\n<meta property=\"og:locale\" content=\"es_ES\" \/>\n<meta property=\"og:type\" content=\"article\" \/>\n<meta property=\"og:title\" content=\"Lugares para surfear en Hendaya | Surf, actividades acu\u00e1ticas Hendaya (64)\" \/>\n<meta property=\"og:url\" content=\"https:\/\/www.lehena.com\/es\/surf-hendaya\/\" \/>\n<meta property=\"og:site_name\" content=\"Lehena\" \/>\n<meta property=\"article:modified_time\" content=\"2021-07-22T09:11:54+00:00\" \/>\n<meta property=\"og:image\" content=\"https:\/\/www.lehena.com\/wp-content\/uploads\/2021\/07\/cours-de-surf-a-hendaye.jpg\" \/>\n\t<meta property=\"og:image:width\" content=\"1900\" \/>\n\t<meta property=\"og:image:height\" content=\"400\" \/>\n\t<meta property=\"og:image:type\" content=\"image\/jpeg\" \/>\n<meta name=\"twitter:card\" content=\"summary_large_image\" \/>\n<script type=\"application\/ld+json\" class=\"yoast-schema-graph\">{\"@context\":\"https:\/\/schema.org\",\"@graph\":[{\"@type\":\"WebPage\",\"@id\":\"https:\/\/www.lehena.com\/es\/surf-hendaya\/\",\"url\":\"https:\/\/www.lehena.com\/es\/surf-hendaya\/\",\"name\":\"Lugares para surfear en Hendaya | Surf, actividades acu\u00e1ticas Hendaya (64)\",\"isPartOf\":{\"@id\":\"https:\/\/www.lehena.com\/es\/#website\"},\"primaryImageOfPage\":{\"@id\":\"https:\/\/www.lehena.com\/es\/surf-hendaya\/#primaryimage\"},\"image\":{\"@id\":\"https:\/\/www.lehena.com\/es\/surf-hendaya\/#primaryimage\"},\"thumbnailUrl\":\"https:\/\/www.lehena.com\/wp-content\/uploads\/2021\/07\/cours-de-surf-a-hendaye.jpg\",\"datePublished\":\"2021-05-24T08:08:04+00:00\",\"dateModified\":\"2021-07-22T09:11:54+00:00\",\"breadcrumb\":{\"@id\":\"https:\/\/www.lehena.com\/es\/surf-hendaya\/#breadcrumb\"},\"inLanguage\":\"es\",\"potentialAction\":[{\"@type\":\"ReadAction\",\"target\":[\"https:\/\/www.lehena.com\/es\/surf-hendaya\/\"]}]},{\"@type\":\"ImageObject\",\"inLanguage\":\"es\",\"@id\":\"https:\/\/www.lehena.com\/es\/surf-hendaya\/#primaryimage\",\"url\":\"https:\/\/www.lehena.com\/wp-content\/uploads\/2021\/07\/cours-de-surf-a-hendaye.jpg\",\"contentUrl\":\"https:\/\/www.lehena.com\/wp-content\/uploads\/2021\/07\/cours-de-surf-a-hendaye.jpg\",\"width\":1900,\"height\":400,\"caption\":\"cours de surf a hendaye\"},{\"@type\":\"BreadcrumbList\",\"@id\":\"https:\/\/www.lehena.com\/es\/surf-hendaya\/#breadcrumb\",\"itemListElement\":[{\"@type\":\"ListItem\",\"position\":1,\"name\":\"Ecole de surf Hendaye\",\"item\":\"https:\/\/www.lehena.com\/es\/\"},{\"@type\":\"ListItem\",\"position\":2,\"name\":\"Puntos de surf en Hendaya\"}]},{\"@type\":\"WebSite\",\"@id\":\"https:\/\/www.lehena.com\/es\/#website\",\"url\":\"https:\/\/www.lehena.com\/es\/\",\"name\":\"Lehena\",\"description\":\"\",\"publisher\":{\"@id\":\"https:\/\/www.lehena.com\/es\/#organization\"},\"potentialAction\":[{\"@type\":\"SearchAction\",\"target\":{\"@type\":\"EntryPoint\",\"urlTemplate\":\"https:\/\/www.lehena.com\/es\/?s={search_term_string}\"},\"query-input\":{\"@type\":\"PropertyValueSpecification\",\"valueRequired\":true,\"valueName\":\"search_term_string\"}}],\"inLanguage\":\"es\"},{\"@type\":\"Organization\",\"@id\":\"https:\/\/www.lehena.com\/es\/#organization\",\"name\":\"Ecole de surf Lehena\",\"url\":\"https:\/\/www.lehena.com\/es\/\",\"logo\":{\"@type\":\"ImageObject\",\"inLanguage\":\"es\",\"@id\":\"https:\/\/www.lehena.com\/es\/#\/schema\/logo\/image\/\",\"url\":\"https:\/\/www.lehena.com\/wp-content\/uploads\/2021\/06\/favicon.png\",\"contentUrl\":\"https:\/\/www.lehena.com\/wp-content\/uploads\/2021\/06\/favicon.png\",\"width\":290,\"height\":290,\"caption\":\"Ecole de surf Lehena\"},\"image\":{\"@id\":\"https:\/\/www.lehena.com\/es\/#\/schema\/logo\/image\/\"}}]}<\/script>\n<!-- \/ Yoast SEO plugin. -->","yoast_head_json":{"title":"Lugares para surfear en Hendaya | Surf, actividades acu\u00e1ticas Hendaya (64)","robots":{"index":"index","follow":"follow","max-snippet":"max-snippet:-1","max-image-preview":"max-image-preview:large","max-video-preview":"max-video-preview:-1"},"canonical":"https:\/\/www.lehena.com\/es\/surf-hendaya\/","og_locale":"es_ES","og_type":"article","og_title":"Lugares para surfear en Hendaya | Surf, actividades acu\u00e1ticas Hendaya (64)","og_url":"https:\/\/www.lehena.com\/es\/surf-hendaya\/","og_site_name":"Lehena","article_modified_time":"2021-07-22T09:11:54+00:00","og_image":[{"width":1900,"height":400,"url":"https:\/\/www.lehena.com\/wp-content\/uploads\/2021\/07\/cours-de-surf-a-hendaye.jpg","type":"image\/jpeg"}],"twitter_card":"summary_large_image","schema":{"@context":"https:\/\/schema.org","@graph":[{"@type":"WebPage","@id":"https:\/\/www.lehena.com\/es\/surf-hendaya\/","url":"https:\/\/www.lehena.com\/es\/surf-hendaya\/","name":"Lugares para surfear en Hendaya | Surf, actividades acu\u00e1ticas Hendaya (64)","isPartOf":{"@id":"https:\/\/www.lehena.com\/es\/#website"},"primaryImageOfPage":{"@id":"https:\/\/www.lehena.com\/es\/surf-hendaya\/#primaryimage"},"image":{"@id":"https:\/\/www.lehena.com\/es\/surf-hendaya\/#primaryimage"},"thumbnailUrl":"https:\/\/www.lehena.com\/wp-content\/uploads\/2021\/07\/cours-de-surf-a-hendaye.jpg","datePublished":"2021-05-24T08:08:04+00:00","dateModified":"2021-07-22T09:11:54+00:00","breadcrumb":{"@id":"https:\/\/www.lehena.com\/es\/surf-hendaya\/#breadcrumb"},"inLanguage":"es","potentialAction":[{"@type":"ReadAction","target":["https:\/\/www.lehena.com\/es\/surf-hendaya\/"]}]},{"@type":"ImageObject","inLanguage":"es","@id":"https:\/\/www.lehena.com\/es\/surf-hendaya\/#primaryimage","url":"https:\/\/www.lehena.com\/wp-content\/uploads\/2021\/07\/cours-de-surf-a-hendaye.jpg","contentUrl":"https:\/\/www.lehena.com\/wp-content\/uploads\/2021\/07\/cours-de-surf-a-hendaye.jpg","width":1900,"height":400,"caption":"cours de surf a hendaye"},{"@type":"BreadcrumbList","@id":"https:\/\/www.lehena.com\/es\/surf-hendaya\/#breadcrumb","itemListElement":[{"@type":"ListItem","position":1,"name":"Ecole de surf Hendaye","item":"https:\/\/www.lehena.com\/es\/"},{"@type":"ListItem","position":2,"name":"Puntos de surf en Hendaya"}]},{"@type":"WebSite","@id":"https:\/\/www.lehena.com\/es\/#website","url":"https:\/\/www.lehena.com\/es\/","name":"Lehena","description":"","publisher":{"@id":"https:\/\/www.lehena.com\/es\/#organization"},"potentialAction":[{"@type":"SearchAction","target":{"@type":"EntryPoint","urlTemplate":"https:\/\/www.lehena.com\/es\/?s={search_term_string}"},"query-input":{"@type":"PropertyValueSpecification","valueRequired":true,"valueName":"search_term_string"}}],"inLanguage":"es"},{"@type":"Organization","@id":"https:\/\/www.lehena.com\/es\/#organization","name":"Ecole de surf Lehena","url":"https:\/\/www.lehena.com\/es\/","logo":{"@type":"ImageObject","inLanguage":"es","@id":"https:\/\/www.lehena.com\/es\/#\/schema\/logo\/image\/","url":"https:\/\/www.lehena.com\/wp-content\/uploads\/2021\/06\/favicon.png","contentUrl":"https:\/\/www.lehena.com\/wp-content\/uploads\/2021\/06\/favicon.png","width":290,"height":290,"caption":"Ecole de surf Lehena"},"image":{"@id":"https:\/\/www.lehena.com\/es\/#\/schema\/logo\/image\/"}}]}},"_links":{"self":[{"href":"https:\/\/www.lehena.com\/es\/wp-json\/wp\/v2\/pages\/1368","targetHints":{"allow":["GET"]}}],"collection":[{"href":"https:\/\/www.lehena.com\/es\/wp-json\/wp\/v2\/pages"}],"about":[{"href":"https:\/\/www.lehena.com\/es\/wp-json\/wp\/v2\/types\/page"}],"author":[{"embeddable":true,"href":"https:\/\/www.lehena.com\/es\/wp-json\/wp\/v2\/users\/1"}],"replies":[{"embeddable":true,"href":"https:\/\/www.lehena.com\/es\/wp-json\/wp\/v2\/comments?post=1368"}],"version-history":[{"count":16,"href":"https:\/\/www.lehena.com\/es\/wp-json\/wp\/v2\/pages\/1368\/revisions"}],"predecessor-version":[{"id":2216,"href":"https:\/\/www.lehena.com\/es\/wp-json\/wp\/v2\/pages\/1368\/revisions\/2216"}],"wp:featuredmedia":[{"embeddable":true,"href":"https:\/\/www.lehena.com\/es\/wp-json\/wp\/v2\/media\/1121"}],"wp:attachment":[{"href":"https:\/\/www.lehena.com\/es\/wp-json\/wp\/v2\/media?parent=1368"}],"curies":[{"name":"wp","href":"https:\/\/api.w.org\/{rel}","templated":true}]}}