{"id":1369,"date":"2021-05-24T10:08:17","date_gmt":"2021-05-24T08:08:17","guid":{"rendered":"https:\/\/www.lehena.com\/ecole-surf-saint-jean-de-luz\/"},"modified":"2021-07-22T11:08:10","modified_gmt":"2021-07-22T09:08:10","slug":"escuela-surf-saint-jean-de-luz","status":"publish","type":"page","link":"https:\/\/www.lehena.com\/es\/escuela-surf-saint-jean-de-luz\/","title":{"rendered":"Les spots de surf : Saint Jean de Luz"},"content":{"rendered":"<section id=\"section-5f44d4e49e6de\"\" class=\"section third-home bg-white\" \/><div class=\"container extralarge\"><h1 class=\"element section-title center\">Surfear en San Juan de Luz<\/h1><div class=\"element images\"><div class=\"image\"><img decoding=\"async\" src=\"https:\/\/www.lehena.com\/wp-content\/uploads\/2021\/05\/surf-lehena-100x8.png\" data-src=\"https:\/\/www.lehena.com\/wp-content\/uploads\/2021\/05\/surf-lehena.png\" alt=\"cours de surf saint jean de luz\" class=\"images_image\" \/><\/div><\/div><\/div><\/section>\n\n<section id=\"section-5f44e1eb795e0\"\" class=\"section bg-white p-t-0 p-b-0\" \/><div class=\"container full\"><div class=\"colonnes-wrap valign-middle \"><div class=\"element colonne w-20 p-0\"><div class=\"element images\"><div class=\"image\"><img decoding=\"async\" src=\"https:\/\/www.lehena.com\/wp-content\/uploads\/2021\/05\/surf-ocean-st-jean-de-luz-100x97.jpg\" data-src=\"https:\/\/www.lehena.com\/wp-content\/uploads\/2021\/05\/surf-ocean-st-jean-de-luz.jpg\" alt=\"surf ocean st-jean-de-luz\" class=\"images_image\" \/><\/div><\/div><div class=\"element images\"><div class=\"image\"><img decoding=\"async\" src=\"https:\/\/www.lehena.com\/wp-content\/uploads\/2021\/05\/st-jean-de-luz-ecole-surf-100x97.jpg\" data-src=\"https:\/\/www.lehena.com\/wp-content\/uploads\/2021\/05\/st-jean-de-luz-ecole-surf.jpg\" alt=\"st-jean-de-luz \u00e9cole surf\" class=\"images_image\" \/><\/div><\/div><\/div><div class=\"element colonne w-60 p-x-6 p-y-4\"><h2 class=\"element section-title center\">Escuela de surf cerca de Saint-Jean-de-Luz<\/h2><div class=\"element bloc-text center \">\n\t<p>La ciudad de Saint-Jean-de-Luz est\u00e1 a s\u00f3lo 12 kil\u00f3metros de nuestra hermosa y amplia playa de Hendaya. En efecto, puede llegar a nuestro establecimiento por una carretera que domina los acantilados de la <strong class=\"bold color2\">cornisas vascas<\/strong> o por la carretera nacional 10 que pasa por Urrugne y el centro de la ciudad de <a href=\"\/es\/surf-hendaya\/\">Hendaye para descubrir<\/a>.<\/p>\n<p>Es posible llegar a la <a href=\"\/es\/\">escuela de surf del Pa\u00eds Vasco<\/a> en coche, en autob\u00fas (parada de autob\u00fas a menos de 50 metros) o incluso a pie, para los m\u00e1s aventureros, siguiendo el <strong class=\"bold color2\">camino de la senda costera<\/strong>. A\u00fan as\u00ed, \u00a1se necesitar\u00e1n 2 horas de caminata!<\/p>\n<p>Aproveche tambi\u00e9n el buen tiempo de la costa vasca para surfear en Anglet o Biarritz. De camino, haga una parada en <a href=\"\/es\/escuela-surf-guethary-bidart\/\">Gu\u00e9thary<\/a> y descubra esta bonita ciudad y sus m\u00e1s bellos rincones de surf.<\/p>\n<p>Los diques de Socoa, Artha y el de Sainte-Barbe se construyeron con el objetivo de proteger la gran playa de San Juan de Luz. En efecto, su finalidad es \u00abromper\u00bb el oleaje y, por consiguiente, impedir la <strong class=\"bold color2\">formaci\u00f3n de olas dentro de la bah\u00eda<\/strong>. Por lo tanto, no es posible navegar all\u00ed.<\/p>\n<p>Las otras playas de San Juan de Luz, como Lafitenia o Erromardie, se consideran peligrosas porque las olas rompen en un fondo rocoso. Por eso es ideal venir a surfear a la Escuela de Surf Lehena de Hendaya cuando se est\u00e1 en San Juan de Luz.<\/p>\n<\/div><\/div><div class=\"element colonne w-20 p-0\"><div class=\"element images\"><div class=\"image\"><img decoding=\"async\" src=\"https:\/\/www.lehena.com\/wp-content\/uploads\/2021\/07\/surf-st-jean-de-luz-1-100x97.jpg\" data-src=\"https:\/\/www.lehena.com\/wp-content\/uploads\/2021\/07\/surf-st-jean-de-luz-1.jpg\" alt=\"surf st jean de luz\" class=\"images_image\" \/><\/div><\/div><div class=\"element images\"><div class=\"image\"><img decoding=\"async\" src=\"https:\/\/www.lehena.com\/wp-content\/uploads\/2021\/05\/plage-surf-st-jean-de-luz-100x97.jpg\" data-src=\"https:\/\/www.lehena.com\/wp-content\/uploads\/2021\/05\/plage-surf-st-jean-de-luz.jpg\" alt=\"plage surf st-jean-de-luz\" class=\"images_image\" \/><\/div><\/div><\/div><\/div><\/div><\/section>\n\n<section id=\"section-5f44e1eb79f1b\"\" class=\"section bg-color1 p-t-0 p-b-0\" \/><div class=\"container full\"><div class=\"colonnes-wrap valign-middle \"><div class=\"element colonne p-0\"><div class=\"element images\"><div class=\"image\"><img decoding=\"async\" src=\"https:\/\/www.lehena.com\/wp-content\/uploads\/2021\/07\/cours-surf-st-jean-de-luz-1-100x68.jpg\" data-src=\"https:\/\/www.lehena.com\/wp-content\/uploads\/2021\/07\/cours-surf-st-jean-de-luz-1.jpg\" alt=\"cours surf st jean de luz\" class=\"images_image\" \/><\/div><\/div><\/div><div class=\"element colonne p-x-8 p-y-10\"><h2 class=\"element section-title justify\">Los mejores lugares para surfear en San Juan de Luz <\/h2><div class=\"element bloc-text justify white\">\n\t<ul class=\"list color3b\">\n<li><strong class=\"bold color3\">Sainte-Barbe<\/strong> : Situada en el extremo norte de la bah\u00eda de Saint-Jean-de-Luz, la ola Sainte-Barbe recorre el rompeolas con marejadas consistentes; es m\u00e1s bien apreciada por los <strong class=\"bold color3\">surfistas experimentados<\/strong> en marea alta por el <strong class=\"bold color3\">compromiso de su zona de despegue<\/strong>. Es posible surfear una ola m\u00e1s suave abajo en la marea baja y media.<\/li>\n<li><strong class=\"bold color3\">Erromardie<\/strong>: Alojada en la cala anterior a la ola de Lafitenia, Erromardie ofrece <strong class=\"bold color3\">dos tipos de olas<\/strong> en una playa de arena y guijarros. Una primera izquierda bastante suave y lenta en el centro de la bah\u00eda. Una segunda ola mucho m\u00e1s masiva cerca del acantilado, sabiamente vigilada por los lugare\u00f1os.<\/li>\n<li><strong class=\"bold color3\">Lafitenia<\/strong>: \u00a1La ola de Lafitenia es el <strong class=\"bold color3\">uno de los point breaks m\u00e1s famosos de Francia<\/strong>!<br \/>\nEs una larga recta que puede ser <strong class=\"bold color3\">r\u00e1pida<\/strong> y <strong class=\"bold color3\">t\u00e9cnica<\/strong> donde no es raro ver a muchos surfistas: es un spot que no se recomienda a los principiantes.<\/li>\n<\/ul>\n<\/div><\/div><\/div><\/div><\/section>\n\n<section id=\"section-last\"\" class=\"section bg-white p-t-0 p-b-0\" \/><div class=\"container full\"><div class=\"colonnes-wrap valign-middle \"><div class=\"element colonne w-20 p-0\"><div class=\"element images\"><div class=\"image\"><img decoding=\"async\" src=\"https:\/\/www.lehena.com\/wp-content\/uploads\/2021\/05\/ecole-surf-enfant-st-jean-de-luz-100x97.jpg\" data-src=\"https:\/\/www.lehena.com\/wp-content\/uploads\/2021\/05\/ecole-surf-enfant-st-jean-de-luz.jpg\" alt=\"ecole surf enfant st-jean-de-luz\" class=\"images_image\" \/><\/div><\/div><div class=\"element images\"><div class=\"image\"><img decoding=\"async\" src=\"https:\/\/www.lehena.com\/wp-content\/uploads\/2021\/07\/activite-nautique-saint-jean-de-luz-100x97.jpg\" data-src=\"https:\/\/www.lehena.com\/wp-content\/uploads\/2021\/07\/activite-nautique-saint-jean-de-luz.jpg\" alt=\"activite nautique saint jean de luz\" class=\"images_image\" \/><\/div><\/div><\/div><div class=\"element colonne w-60 p-x-6 p-y-4\"><h2 class=\"element section-title center\">Descubrir San Juan de Luz <\/h2><div class=\"element bloc-text center \">\n\t<p>Ciudad imprescindible del Pa\u00eds Vasco, San Juan de Luz, anta\u00f1o conocida como la \u00abciudad de los corsarios\u00bb, es ahora una <strong class=\"bold color1\">famosa estaci\u00f3n balnearia<\/strong> donde se vive bien.<\/p>\n<p>Enclavado entre la gran bah\u00eda y el puerto, y sus peque\u00f1as y coloridas embarcaciones, el centro de San Juan de Luz lo tiene todo para encantarle. <\/p>\n<p>La <strong class=\"bold color1\">Rue Gambetta<\/strong>, adem\u00e1s de ser totalmente peatonal, es la calle principal de la ciudad donde se pueden encontrar todo tipo de comercios: lencer\u00edas vascas, joyer\u00edas, pasteler\u00edas, etc.<\/p>\n<p>Un poco m\u00e1s all\u00e1 encontrar\u00e1 Les Halles, que abre sus puertas todos los d\u00edas de 7 a 13 horas para llenar su cesta de frutas, verduras, carne o pescado.<\/p>\n<p>Tambi\u00e9n puede ir a tomar una copa en una de las muchas <strong class=\"bold color1\">terrazas de caf\u00e9<\/strong> de la plaza Luis XIV o ir a degustar los <strong class=\"bold color1\">deliciosos macarrones<\/strong> de la <a href=\"https:\/\/www.maisonadam.fr\/fr\/\"target=\"_blank\" rel=\"noopener\"\">Casa de Ad\u00e1n<\/a>. <\/p>\n<\/div><\/div><div class=\"element colonne w-20 p-0\"><div class=\"element images\"><div class=\"image\"><img decoding=\"async\" src=\"https:\/\/www.lehena.com\/wp-content\/uploads\/2021\/07\/stage-surf-st-jean-de-luz-100x97.jpg\" data-src=\"https:\/\/www.lehena.com\/wp-content\/uploads\/2021\/07\/stage-surf-st-jean-de-luz.jpg\" alt=\"stage surf st jean de luz\" class=\"images_image\" \/><\/div><\/div><div class=\"element images\"><div class=\"image\"><img decoding=\"async\" src=\"https:\/\/www.lehena.com\/wp-content\/uploads\/2021\/07\/apprendre-surf-st-jean-de-luz-100x97.jpg\" data-src=\"https:\/\/www.lehena.com\/wp-content\/uploads\/2021\/07\/apprendre-surf-st-jean-de-luz.jpg\" alt=\"apprendre surf st jean de luz\" class=\"images_image\" \/><\/div><\/div><\/div><\/div><\/div><\/section>\n\n<section id=\"section-5f44e1eb7b004\"\" class=\"section bg-color3\" \/><div class=\"container extralarge\"><div class=\"element section-title center titre-cta\">\u00bfD\u00f3nde ir a surfear en el Pa\u00eds Vasco?<\/div><ul class=\"liste-de-page\"><li class=\"element call-to-action carre call-to-action--style-1 call-to-action--normal\"><a href=\"https:\/\/www.lehena.com\/es\/surf-hendaya-tiempo\/\"  class=\"call-to-action_link\" title=\"M\u00e1s informaci\u00f3n surf report\"><div class=\"call-to-action_image\"><img decoding=\"async\" src=\"https:\/\/www.lehena.com\/wp-content\/uploads\/2021\/07\/stage-surf-bidart-100x97.jpg\" data-src=\"https:\/\/www.lehena.com\/wp-content\/uploads\/2021\/07\/stage-surf-bidart.jpg\" alt=\"stage surf bidart\" class=\"normal\" \/><\/div><div class=\"call-to-action_contenu\"><div class=\"call-to-action_titre\">Surf report<\/div><\/div><\/a><\/li><li class=\"element call-to-action carre call-to-action--style-1 call-to-action--normal call-to-action--style-1 call-to-action--normal\"><a href=\"https:\/\/www.lehena.com\/es\/escuela-surf-guethary-bidart\/\"  class=\"call-to-action_link\" title=\"M\u00e1s informaci\u00f3n gu\u00e9thary, bidart\"><div class=\"call-to-action_image\"><img decoding=\"async\" src=\"https:\/\/www.lehena.com\/wp-content\/uploads\/2021\/06\/spots-surf-guethary-100x56.jpg\" data-src=\"https:\/\/www.lehena.com\/wp-content\/uploads\/2021\/06\/spots-surf-guethary.jpg\" alt=\"surfer a guethary\" class=\"normal\" \/><\/div><div class=\"call-to-action_contenu\"><div class=\"call-to-action_titre\">Gu\u00e9thary, Bidart<\/div><\/div><\/a><\/li><li class=\"element call-to-action carre call-to-action--style-1 call-to-action--normal call-to-action--style-1 call-to-action--normal call-to-action--style-1 call-to-action--normal\"><a href=\"https:\/\/www.lehena.com\/es\/surf-hendaya\/\"  class=\"call-to-action_link\" title=\"M\u00e1s informaci\u00f3n hendaya\"><div class=\"call-to-action_image\"><img decoding=\"async\" src=\"https:\/\/www.lehena.com\/wp-content\/uploads\/2021\/07\/cours-de-surf-a-hendaye-100x21.jpg\" data-src=\"https:\/\/www.lehena.com\/wp-content\/uploads\/2021\/07\/cours-de-surf-a-hendaye.jpg\" alt=\"cours de surf a hendaye\" class=\"normal\" \/><\/div><div class=\"call-to-action_contenu\"><div class=\"call-to-action_titre\">HENDAYA<\/div><\/div><\/a><\/li><\/ul><\/div><\/section>","protected":false},"excerpt":{"rendered":"","protected":false},"author":1,"featured_media":171,"parent":0,"menu_order":0,"comment_status":"closed","ping_status":"closed","template":"","meta":{"_acf_changed":false,"footnotes":""},"class_list":["post-1369","page","type-page","status-publish","has-post-thumbnail","hentry"],"acf":[],"yoast_head":"<!-- This site is optimized with the Yoast SEO plugin v25.3 - https:\/\/yoast.com\/wordpress\/plugins\/seo\/ -->\n<title>Escuela de surf cerca de Saint-Jean-de-Luz | Surf en Saint-Jean-de-Luz (64)<\/title>\n<meta name=\"robots\" content=\"index, follow, max-snippet:-1, max-image-preview:large, max-video-preview:-1\" \/>\n<link rel=\"canonical\" href=\"https:\/\/www.lehena.com\/es\/escuela-surf-saint-jean-de-luz\/\" \/>\n<meta property=\"og:locale\" content=\"es_ES\" \/>\n<meta property=\"og:type\" content=\"article\" \/>\n<meta property=\"og:title\" content=\"Escuela de surf cerca de Saint-Jean-de-Luz | Surf en Saint-Jean-de-Luz (64)\" \/>\n<meta property=\"og:url\" content=\"https:\/\/www.lehena.com\/es\/escuela-surf-saint-jean-de-luz\/\" \/>\n<meta property=\"og:site_name\" content=\"Lehena\" \/>\n<meta property=\"article:modified_time\" content=\"2021-07-22T09:08:10+00:00\" \/>\n<meta property=\"og:image\" content=\"https:\/\/www.lehena.com\/wp-content\/uploads\/2021\/05\/surf-saint-jean-de-luz.jpg\" \/>\n\t<meta property=\"og:image:width\" content=\"1903\" \/>\n\t<meta property=\"og:image:height\" content=\"400\" \/>\n\t<meta property=\"og:image:type\" content=\"image\/jpeg\" \/>\n<meta name=\"twitter:card\" content=\"summary_large_image\" \/>\n<script type=\"application\/ld+json\" class=\"yoast-schema-graph\">{\"@context\":\"https:\/\/schema.org\",\"@graph\":[{\"@type\":\"WebPage\",\"@id\":\"https:\/\/www.lehena.com\/es\/escuela-surf-saint-jean-de-luz\/\",\"url\":\"https:\/\/www.lehena.com\/es\/escuela-surf-saint-jean-de-luz\/\",\"name\":\"Escuela de surf cerca de Saint-Jean-de-Luz | Surf en Saint-Jean-de-Luz (64)\",\"isPartOf\":{\"@id\":\"https:\/\/www.lehena.com\/es\/#website\"},\"primaryImageOfPage\":{\"@id\":\"https:\/\/www.lehena.com\/es\/escuela-surf-saint-jean-de-luz\/#primaryimage\"},\"image\":{\"@id\":\"https:\/\/www.lehena.com\/es\/escuela-surf-saint-jean-de-luz\/#primaryimage\"},\"thumbnailUrl\":\"https:\/\/www.lehena.com\/wp-content\/uploads\/2021\/05\/surf-saint-jean-de-luz.jpg\",\"datePublished\":\"2021-05-24T08:08:17+00:00\",\"dateModified\":\"2021-07-22T09:08:10+00:00\",\"breadcrumb\":{\"@id\":\"https:\/\/www.lehena.com\/es\/escuela-surf-saint-jean-de-luz\/#breadcrumb\"},\"inLanguage\":\"es\",\"potentialAction\":[{\"@type\":\"ReadAction\",\"target\":[\"https:\/\/www.lehena.com\/es\/escuela-surf-saint-jean-de-luz\/\"]}]},{\"@type\":\"ImageObject\",\"inLanguage\":\"es\",\"@id\":\"https:\/\/www.lehena.com\/es\/escuela-surf-saint-jean-de-luz\/#primaryimage\",\"url\":\"https:\/\/www.lehena.com\/wp-content\/uploads\/2021\/05\/surf-saint-jean-de-luz.jpg\",\"contentUrl\":\"https:\/\/www.lehena.com\/wp-content\/uploads\/2021\/05\/surf-saint-jean-de-luz.jpg\",\"width\":1903,\"height\":400,\"caption\":\"surf saint-jean-de-luz\"},{\"@type\":\"BreadcrumbList\",\"@id\":\"https:\/\/www.lehena.com\/es\/escuela-surf-saint-jean-de-luz\/#breadcrumb\",\"itemListElement\":[{\"@type\":\"ListItem\",\"position\":1,\"name\":\"Ecole de surf Hendaye\",\"item\":\"https:\/\/www.lehena.com\/es\/\"},{\"@type\":\"ListItem\",\"position\":2,\"name\":\"Escuela de surf cerca de Saint-Jean-de-Luz\"}]},{\"@type\":\"WebSite\",\"@id\":\"https:\/\/www.lehena.com\/es\/#website\",\"url\":\"https:\/\/www.lehena.com\/es\/\",\"name\":\"Lehena\",\"description\":\"\",\"publisher\":{\"@id\":\"https:\/\/www.lehena.com\/es\/#organization\"},\"potentialAction\":[{\"@type\":\"SearchAction\",\"target\":{\"@type\":\"EntryPoint\",\"urlTemplate\":\"https:\/\/www.lehena.com\/es\/?s={search_term_string}\"},\"query-input\":{\"@type\":\"PropertyValueSpecification\",\"valueRequired\":true,\"valueName\":\"search_term_string\"}}],\"inLanguage\":\"es\"},{\"@type\":\"Organization\",\"@id\":\"https:\/\/www.lehena.com\/es\/#organization\",\"name\":\"Ecole de surf Lehena\",\"url\":\"https:\/\/www.lehena.com\/es\/\",\"logo\":{\"@type\":\"ImageObject\",\"inLanguage\":\"es\",\"@id\":\"https:\/\/www.lehena.com\/es\/#\/schema\/logo\/image\/\",\"url\":\"https:\/\/www.lehena.com\/wp-content\/uploads\/2021\/06\/favicon.png\",\"contentUrl\":\"https:\/\/www.lehena.com\/wp-content\/uploads\/2021\/06\/favicon.png\",\"width\":290,\"height\":290,\"caption\":\"Ecole de surf Lehena\"},\"image\":{\"@id\":\"https:\/\/www.lehena.com\/es\/#\/schema\/logo\/image\/\"}}]}<\/script>\n<!-- \/ Yoast SEO plugin. -->","yoast_head_json":{"title":"Escuela de surf cerca de Saint-Jean-de-Luz | Surf en Saint-Jean-de-Luz (64)","robots":{"index":"index","follow":"follow","max-snippet":"max-snippet:-1","max-image-preview":"max-image-preview:large","max-video-preview":"max-video-preview:-1"},"canonical":"https:\/\/www.lehena.com\/es\/escuela-surf-saint-jean-de-luz\/","og_locale":"es_ES","og_type":"article","og_title":"Escuela de surf cerca de Saint-Jean-de-Luz | Surf en Saint-Jean-de-Luz (64)","og_url":"https:\/\/www.lehena.com\/es\/escuela-surf-saint-jean-de-luz\/","og_site_name":"Lehena","article_modified_time":"2021-07-22T09:08:10+00:00","og_image":[{"width":1903,"height":400,"url":"https:\/\/www.lehena.com\/wp-content\/uploads\/2021\/05\/surf-saint-jean-de-luz.jpg","type":"image\/jpeg"}],"twitter_card":"summary_large_image","schema":{"@context":"https:\/\/schema.org","@graph":[{"@type":"WebPage","@id":"https:\/\/www.lehena.com\/es\/escuela-surf-saint-jean-de-luz\/","url":"https:\/\/www.lehena.com\/es\/escuela-surf-saint-jean-de-luz\/","name":"Escuela de surf cerca de Saint-Jean-de-Luz | Surf en Saint-Jean-de-Luz (64)","isPartOf":{"@id":"https:\/\/www.lehena.com\/es\/#website"},"primaryImageOfPage":{"@id":"https:\/\/www.lehena.com\/es\/escuela-surf-saint-jean-de-luz\/#primaryimage"},"image":{"@id":"https:\/\/www.lehena.com\/es\/escuela-surf-saint-jean-de-luz\/#primaryimage"},"thumbnailUrl":"https:\/\/www.lehena.com\/wp-content\/uploads\/2021\/05\/surf-saint-jean-de-luz.jpg","datePublished":"2021-05-24T08:08:17+00:00","dateModified":"2021-07-22T09:08:10+00:00","breadcrumb":{"@id":"https:\/\/www.lehena.com\/es\/escuela-surf-saint-jean-de-luz\/#breadcrumb"},"inLanguage":"es","potentialAction":[{"@type":"ReadAction","target":["https:\/\/www.lehena.com\/es\/escuela-surf-saint-jean-de-luz\/"]}]},{"@type":"ImageObject","inLanguage":"es","@id":"https:\/\/www.lehena.com\/es\/escuela-surf-saint-jean-de-luz\/#primaryimage","url":"https:\/\/www.lehena.com\/wp-content\/uploads\/2021\/05\/surf-saint-jean-de-luz.jpg","contentUrl":"https:\/\/www.lehena.com\/wp-content\/uploads\/2021\/05\/surf-saint-jean-de-luz.jpg","width":1903,"height":400,"caption":"surf saint-jean-de-luz"},{"@type":"BreadcrumbList","@id":"https:\/\/www.lehena.com\/es\/escuela-surf-saint-jean-de-luz\/#breadcrumb","itemListElement":[{"@type":"ListItem","position":1,"name":"Ecole de surf Hendaye","item":"https:\/\/www.lehena.com\/es\/"},{"@type":"ListItem","position":2,"name":"Escuela de surf cerca de Saint-Jean-de-Luz"}]},{"@type":"WebSite","@id":"https:\/\/www.lehena.com\/es\/#website","url":"https:\/\/www.lehena.com\/es\/","name":"Lehena","description":"","publisher":{"@id":"https:\/\/www.lehena.com\/es\/#organization"},"potentialAction":[{"@type":"SearchAction","target":{"@type":"EntryPoint","urlTemplate":"https:\/\/www.lehena.com\/es\/?s={search_term_string}"},"query-input":{"@type":"PropertyValueSpecification","valueRequired":true,"valueName":"search_term_string"}}],"inLanguage":"es"},{"@type":"Organization","@id":"https:\/\/www.lehena.com\/es\/#organization","name":"Ecole de surf Lehena","url":"https:\/\/www.lehena.com\/es\/","logo":{"@type":"ImageObject","inLanguage":"es","@id":"https:\/\/www.lehena.com\/es\/#\/schema\/logo\/image\/","url":"https:\/\/www.lehena.com\/wp-content\/uploads\/2021\/06\/favicon.png","contentUrl":"https:\/\/www.lehena.com\/wp-content\/uploads\/2021\/06\/favicon.png","width":290,"height":290,"caption":"Ecole de surf Lehena"},"image":{"@id":"https:\/\/www.lehena.com\/es\/#\/schema\/logo\/image\/"}}]}},"_links":{"self":[{"href":"https:\/\/www.lehena.com\/es\/wp-json\/wp\/v2\/pages\/1369","targetHints":{"allow":["GET"]}}],"collection":[{"href":"https:\/\/www.lehena.com\/es\/wp-json\/wp\/v2\/pages"}],"about":[{"href":"https:\/\/www.lehena.com\/es\/wp-json\/wp\/v2\/types\/page"}],"author":[{"embeddable":true,"href":"https:\/\/www.lehena.com\/es\/wp-json\/wp\/v2\/users\/1"}],"replies":[{"embeddable":true,"href":"https:\/\/www.lehena.com\/es\/wp-json\/wp\/v2\/comments?post=1369"}],"version-history":[{"count":10,"href":"https:\/\/www.lehena.com\/es\/wp-json\/wp\/v2\/pages\/1369\/revisions"}],"predecessor-version":[{"id":2209,"href":"https:\/\/www.lehena.com\/es\/wp-json\/wp\/v2\/pages\/1369\/revisions\/2209"}],"wp:featuredmedia":[{"embeddable":true,"href":"https:\/\/www.lehena.com\/es\/wp-json\/wp\/v2\/media\/171"}],"wp:attachment":[{"href":"https:\/\/www.lehena.com\/es\/wp-json\/wp\/v2\/media?parent=1369"}],"curies":[{"name":"wp","href":"https:\/\/api.w.org\/{rel}","templated":true}]}}