{"id":1372,"date":"2021-05-24T10:07:45","date_gmt":"2021-05-24T08:07:45","guid":{"rendered":"https:\/\/www.lehena.com\/cours-yoga-hendaye\/"},"modified":"2023-05-30T16:18:24","modified_gmt":"2023-05-30T14:18:24","slug":"cursos-yoga-hendaya","status":"publish","type":"page","link":"https:\/\/www.lehena.com\/es\/cursos-yoga-hendaya\/","title":{"rendered":"Surf Yoga"},"content":{"rendered":"<section id=\"section-5f44d4e49e6de\"\" class=\"section third-home bg-white\" \/><div class=\"container extralarge\"><h1 class=\"element section-title center\">Yoga en el Pa\u00eds Vasco<\/h1><div class=\"element images\"><div class=\"image\"><img decoding=\"async\" src=\"https:\/\/www.lehena.com\/wp-content\/uploads\/2021\/05\/surf-lehena-100x8.png\" data-src=\"https:\/\/www.lehena.com\/wp-content\/uploads\/2021\/05\/surf-lehena.png\" alt=\"cours de surf pays basque\" class=\"images_image\" \/><\/div><\/div><\/div><\/section>\n\n<section id=\"section-5f44e1eb795e0\"\" class=\"section bg-white p-t-0 p-b-0\" \/><div class=\"container full\"><div class=\"colonnes-wrap valign-middle \"><div class=\"element colonne w-20 p-0\"><div class=\"element images\"><div class=\"image\"><img decoding=\"async\" src=\"https:\/\/www.lehena.com\/wp-content\/uploads\/2021\/06\/pays-basque-cours-yoga-100x97.jpg\" data-src=\"https:\/\/www.lehena.com\/wp-content\/uploads\/2021\/06\/pays-basque-cours-yoga.jpg\" alt=\"pays basque cours yoga\" class=\"images_image\" \/><\/div><\/div><div class=\"element images\"><div class=\"image\"><img decoding=\"async\" src=\"https:\/\/www.lehena.com\/wp-content\/uploads\/2021\/06\/hendaye-cours-yoga-plage-100x97.jpg\" data-src=\"https:\/\/www.lehena.com\/wp-content\/uploads\/2021\/06\/hendaye-cours-yoga-plage.jpg\" alt=\"hendaye cours yoga plage\" class=\"images_image\" \/><\/div><\/div><\/div><div class=\"element colonne w-60 p-x-6 p-y-4\"><h2 class=\"element section-title center\">Nuestras clases de yoga en Hendaya<\/h2><div class=\"element bloc-text center \">\n\t<p>Deborah ofrece <strong class=\"bold color1\">clases de yoga en la playa de Hendaya<\/strong>, todas las ma\u00f1anas con buen tiempo. T\u00f3mate tiempo para ti, hazte un bien y ofr\u00e9cete un <strong class=\"bold color1\">momento de desconexi\u00f3n total<\/strong> frente al oc\u00e9ano. Hombre o mujer, atl\u00e9tico o no, principiante o adepto, \u00a1el yoga no tiene condiciones! <\/p>\n<p>Profesora desde 2018, Deborah imparte una <strong class=\"bold color1\">pr\u00e1ctica hol\u00edstica<\/strong>. Cada clase es \u00fanica para el grupo e incluye <strong class=\"bold color1\">instrucci\u00f3n de ejercicios<\/strong> de:<\/p>\n<ul class=\"list-center\">\n<li><strong class=\"bold color1\">respiraci\u00f3n<\/strong> (pranayama &#8211; vuelve a centrarse en uno mismo, revitaliza),<\/li>\n<li><strong class=\"bold color1\">posturas<\/strong> (asana &#8211; fortalece y suaviza),<\/li>\n<li><strong class=\"bold color1\">relajaci\u00f3n<\/strong> (relaja el cuerpo y la mente)<\/li>\n<li>y <strong class=\"bold color1\">meditaci\u00f3n<\/strong> (calma el sistema nervioso, alivia la agitaci\u00f3n mental).<\/li>\n<\/ul>\n<p>Para descubrir el yoga o profundizar en su pr\u00e1ctica, la <a href=\"\/es\/\">Escuela de surf de Hendaya<\/a> ofrece <strong class=\"bold color1\">cursos al mejor precio<\/strong>.<\/p>\n<p><i><br \/>\n\u00abEl yoga es para m\u00ed un arte de vivir, una filosof\u00eda de vida. Una pr\u00e1ctica que me ha ense\u00f1ado a escuchar mi cuerpo y mis emociones, a aceptarme y a estar siempre en sinton\u00eda conmigo misma. No se trata de estar siempre zen, sereno y sonriente, sino de cuidarse y sentirse en sinergia con el entorno.\u00bb<\/i><\/p>\n<\/div><\/div><div class=\"element colonne w-20 p-0\"><div class=\"element images\"><div class=\"image\"><img decoding=\"async\" src=\"https:\/\/www.lehena.com\/wp-content\/uploads\/2021\/06\/cours-yoga-pays-basque-100x97.jpg\" data-src=\"https:\/\/www.lehena.com\/wp-content\/uploads\/2021\/06\/cours-yoga-pays-basque.jpg\" alt=\"cours yoga pays basque\" class=\"images_image\" \/><\/div><\/div><div class=\"element images\"><div class=\"image\"><img decoding=\"async\" src=\"https:\/\/www.lehena.com\/wp-content\/uploads\/2021\/06\/cote-basque-cours-yoga-100x97.jpg\" data-src=\"https:\/\/www.lehena.com\/wp-content\/uploads\/2021\/06\/cote-basque-cours-yoga.jpg\" alt=\"cote basque cours yoga\" class=\"images_image\" \/><\/div><\/div><\/div><\/div><\/div><\/section>\n\n<section id=\"section-5f44e1eb79f1b\"\" class=\"section bg-color1 p-t-0 p-b-0\" \/><div class=\"container full\"><div class=\"colonnes-wrap valign-middle \"><div class=\"element colonne p-0\"><div class=\"element images\"><div class=\"image\"><img decoding=\"async\" src=\"https:\/\/www.lehena.com\/wp-content\/uploads\/2021\/06\/cours-yoga-plage-cote-basque-100x68.jpg\" data-src=\"https:\/\/www.lehena.com\/wp-content\/uploads\/2021\/06\/cours-yoga-plage-cote-basque.jpg\" alt=\"cours yoga plage cote basque\" class=\"images_image\" \/><\/div><\/div><\/div><div class=\"element colonne p-x-8 p-y-10\"><h2 class=\"element section-title justify\">Yoga en la Costa Vasca<\/h2><div class=\"element bloc-text justify \">\n\t<p>El yoga gana cada vez m\u00e1s adeptos en todo el mundo. Esta pr\u00e1ctica f\u00edsica, mental y espiritual aporta <strong class=\"bold color3\">muchos beneficios<\/strong> y ayuda a mejorar el estado psicol\u00f3gico como ning\u00fan otro deporte, seg\u00fan algunos aficionados ac\u00e9rrimos.<\/p>\n<p>Reduce el estr\u00e9s y ayuda a vivir m\u00e1s serenamente, ya que es una <strong class=\"bold color3\">actividad calmante<\/strong> por excelencia. Mejora la respiraci\u00f3n y el aliento, de hecho el control de la respiraci\u00f3n es incluso la base fundamental del yoga.<\/p>\n<p>Las <strong class=\"bold color3\">diferentes t\u00e9cnicas de respiraci\u00f3n<\/strong> del yoga tienen m\u00faltiples beneficios: calmar, energizar, equilibrar&#8230; Adem\u00e1s, el yoga mejora la concentraci\u00f3n, ayuda a combatir la fatiga y fortalece la flexibilidad.<\/p>\n<p>Resulta que el yoga y el surf tienen algunos puntos en com\u00fan en cuanto a <strong class=\"bold color3\">beneficios para la mente<\/strong>. As\u00ed que vale la pena combinarlos para obtener resultados a\u00fan m\u00e1s satisfactorios. Por eso, cada verano, es decir, durante los meses de julio a septiembre, se puede practicar yoga en la playa de Hendaya.<\/p>\n<\/div><\/div><\/div><\/div><\/section>\n\n<section id=\"section-647605af686a0\"\" class=\"section bg-white p-t-0 p-b-0\" \/><div class=\"container full\"><div class=\"colonnes-wrap valign-middle \"><div class=\"element colonne w-20 p-0\"><div class=\"element images\"><div class=\"image\"><img decoding=\"async\" src=\"https:\/\/www.lehena.com\/wp-content\/uploads\/2023\/05\/Karen-large-selection-37-67x100.jpg\" data-src=\"https:\/\/www.lehena.com\/wp-content\/uploads\/2023\/05\/Karen-large-selection-37-scaled.jpg\" alt=\"Karen-large-selection-37\" class=\"images_image\" \/><\/div><\/div><\/div><div class=\"element colonne w-60 p-x-6 p-y-4\"><h2 class=\"element section-title center\">Tu profesora de yoga Karen<\/h2><div class=\"element bloc-text justify \">\n\t<p>Karen practica yoga desde hace m\u00e1s de 10 a\u00f1os y ha convertido su pasi\u00f3n en su profesi\u00f3n. Fue durante sus viajes alrededor del mundo cuando se enamor\u00f3 de este arte de vivir y desarroll\u00f3 una pasi\u00f3n por el ser humano, el cuerpo y la filosof\u00eda del yoga. Tras dar clases en Costa Rica, Argentina y en un surfcamp en Marruecos, se instal\u00f3 en la costa vasca en 2017 y sigue transmitiendo y ense\u00f1ando esta filosof\u00eda que la acompa\u00f1a cada d\u00eda. A trav\u00e9s de clases de Vinyasa yoga, que combinan ejercicios de respiraci\u00f3n, posturas (asanas), meditaci\u00f3n y relajaci\u00f3n, te invita a tomarte un momento para ti, y contigo, frente al oc\u00e9ano, para flexibilizar tu cuerpo, reenfocar y calmar tu mente. Te guiar\u00e1 suavemente hacia un enfoque relajado, permiti\u00e9ndote practicar a tu propio ritmo y seg\u00fan tus capacidades f\u00edsicas.<br \/>\nLa encontrar\u00e1s todos los mi\u00e9rcoles de 9.00 a 10.00 en la playa de Hendaya.<\/p>\n<p><a href=\"\/wp-content\/uploads\/2023\/05\/Karen-Figueres-Yoga-Hendaye-Lehena-school.png\" title=\"Brochure\" target=\" target=\" _blank\"=\"\" rel=\"noopener\" \"=\"\" class=\"bouton center\" style=\"opacity: 1;\"><span>Folleto<\/span><\/a><\/p>\n<\/div><\/div><div class=\"element colonne w-20 p-0\"><div class=\"element images\"><div class=\"image\"><img decoding=\"async\" src=\"https:\/\/www.lehena.com\/wp-content\/uploads\/2023\/05\/Karen-large-selection-25-67x100.jpg\" data-src=\"https:\/\/www.lehena.com\/wp-content\/uploads\/2023\/05\/Karen-large-selection-25-scaled.jpg\" alt=\"Karen-large-selection-25\" class=\"images_image\" \/><\/div><\/div><\/div><\/div><\/div><\/section>\n\n<section id=\"section-5f44e1eb7b004\"\" class=\"section bg-color3\" \/><div class=\"container extralarge\"><div class=\"element section-title center titre-cta\">Nuestras clases de surf y handi surf<\/div><ul class=\"liste-de-page\"><li class=\"element call-to-action carre call-to-action--style-1 call-to-action--normal\"><a href=\"https:\/\/www.lehena.com\/es\/handi-surf-hendaya\/\"  class=\"call-to-action_link\" title=\"M\u00e1s informaci\u00f3n handi surf\"><div class=\"call-to-action_image\"><img decoding=\"async\" src=\"https:\/\/www.lehena.com\/wp-content\/uploads\/2021\/07\/handisurf-pays-basque-1-100x21.jpg\" data-src=\"https:\/\/www.lehena.com\/wp-content\/uploads\/2021\/07\/handisurf-pays-basque-1.jpg\" alt=\"handisurf pays basque\" class=\"normal\" \/><\/div><div class=\"call-to-action_contenu\"><div class=\"call-to-action_titre\">Handi Surf<\/div><\/div><\/a><\/li><li class=\"element call-to-action carre call-to-action--style-1 call-to-action--normal call-to-action--style-1 call-to-action--normal\"><a href=\"https:\/\/www.lehena.com\/es\/clases-surf-hendaya\/\"  class=\"call-to-action_link\" title=\"M\u00e1s informaci\u00f3n clases particulares y en grupo\"><div class=\"call-to-action_image\"><img decoding=\"async\" src=\"https:\/\/www.lehena.com\/wp-content\/uploads\/2021\/07\/cours-surf-collectif-pays-basque-100x97.jpg\" data-src=\"https:\/\/www.lehena.com\/wp-content\/uploads\/2021\/07\/cours-surf-collectif-pays-basque.jpg\" alt=\"cours surf collectif\" class=\"normal\" \/><\/div><div class=\"call-to-action_contenu\"><div class=\"call-to-action_titre\">Clases particulares y en grupo<\/div><\/div><\/a><\/li><li class=\"element call-to-action carre call-to-action--style-1 call-to-action--normal call-to-action--style-1 call-to-action--normal call-to-action--style-1 call-to-action--normal\"><a href=\"https:\/\/www.lehena.com\/es\/clases-surf-groupos-hendaya\/\"  class=\"call-to-action_link\" title=\"M\u00e1s informaci\u00f3n grupos \/ ce \/ evg evjf\"><div class=\"call-to-action_image\"><img decoding=\"async\" src=\"https:\/\/www.lehena.com\/wp-content\/uploads\/2021\/05\/apprendre-a-surfer-hendaye-100x53.jpg\" data-src=\"https:\/\/www.lehena.com\/wp-content\/uploads\/2021\/05\/apprendre-a-surfer-hendaye.jpg\" alt=\"apprendre a surfer hendaye\" class=\"normal\" \/><\/div><div class=\"call-to-action_contenu\"><div class=\"call-to-action_titre\">Grupos \/ CE \/ EVG EVJF<\/div><\/div><\/a><\/li><\/ul><\/div><\/section>","protected":false},"excerpt":{"rendered":"","protected":false},"author":1,"featured_media":402,"parent":0,"menu_order":0,"comment_status":"closed","ping_status":"closed","template":"","meta":{"_acf_changed":false,"footnotes":""},"class_list":["post-1372","page","type-page","status-publish","has-post-thumbnail","hentry"],"acf":[],"yoast_head":"<!-- This site is optimized with the Yoast SEO plugin v25.3 - https:\/\/yoast.com\/wordpress\/plugins\/seo\/ -->\n<title>Cursos de yoga en Hendaya | Cursos de yoga en el Pa\u00eds Vasco | Surf Yoga Costa Vasca<\/title>\n<meta name=\"description\" content=\"Aprenda Surf y Yoga en la playa de Hendaya en el Pa\u00eds Vasco con la escuela de surf Lehena y Panya Yoga. El Surf Yoga combina dos actividades complementarias y beneficiosas para la salud...\" \/>\n<meta name=\"robots\" content=\"index, follow, max-snippet:-1, max-image-preview:large, max-video-preview:-1\" \/>\n<link rel=\"canonical\" href=\"https:\/\/www.lehena.com\/es\/cursos-yoga-hendaya\/\" \/>\n<meta property=\"og:locale\" content=\"es_ES\" \/>\n<meta property=\"og:type\" content=\"article\" \/>\n<meta property=\"og:title\" content=\"Cursos de yoga en Hendaya | Cursos de yoga en el Pa\u00eds Vasco | Surf Yoga Costa Vasca\" \/>\n<meta property=\"og:description\" content=\"Aprenda Surf y Yoga en la playa de Hendaya en el Pa\u00eds Vasco con la escuela de surf Lehena y Panya Yoga. El Surf Yoga combina dos actividades complementarias y beneficiosas para la salud...\" \/>\n<meta property=\"og:url\" content=\"https:\/\/www.lehena.com\/es\/cursos-yoga-hendaya\/\" \/>\n<meta property=\"og:site_name\" content=\"Lehena\" \/>\n<meta property=\"article:modified_time\" content=\"2023-05-30T14:18:24+00:00\" \/>\n<meta property=\"og:image\" content=\"https:\/\/www.lehena.com\/wp-content\/uploads\/2021\/06\/cours-yoga-hendaye-5.jpg\" \/>\n\t<meta property=\"og:image:width\" content=\"1904\" \/>\n\t<meta property=\"og:image:height\" content=\"400\" \/>\n\t<meta property=\"og:image:type\" content=\"image\/jpeg\" \/>\n<meta name=\"twitter:card\" content=\"summary_large_image\" \/>\n<script type=\"application\/ld+json\" class=\"yoast-schema-graph\">{\"@context\":\"https:\/\/schema.org\",\"@graph\":[{\"@type\":\"WebPage\",\"@id\":\"https:\/\/www.lehena.com\/es\/cursos-yoga-hendaya\/\",\"url\":\"https:\/\/www.lehena.com\/es\/cursos-yoga-hendaya\/\",\"name\":\"Cursos de yoga en Hendaya | Cursos de yoga en el Pa\u00eds Vasco | Surf Yoga Costa Vasca\",\"isPartOf\":{\"@id\":\"https:\/\/www.lehena.com\/es\/#website\"},\"primaryImageOfPage\":{\"@id\":\"https:\/\/www.lehena.com\/es\/cursos-yoga-hendaya\/#primaryimage\"},\"image\":{\"@id\":\"https:\/\/www.lehena.com\/es\/cursos-yoga-hendaya\/#primaryimage\"},\"thumbnailUrl\":\"https:\/\/www.lehena.com\/wp-content\/uploads\/2021\/06\/cours-yoga-hendaye-5.jpg\",\"datePublished\":\"2021-05-24T08:07:45+00:00\",\"dateModified\":\"2023-05-30T14:18:24+00:00\",\"description\":\"Aprenda Surf y Yoga en la playa de Hendaya en el Pa\u00eds Vasco con la escuela de surf Lehena y Panya Yoga. El Surf Yoga combina dos actividades complementarias y beneficiosas para la salud...\",\"breadcrumb\":{\"@id\":\"https:\/\/www.lehena.com\/es\/cursos-yoga-hendaya\/#breadcrumb\"},\"inLanguage\":\"es\",\"potentialAction\":[{\"@type\":\"ReadAction\",\"target\":[\"https:\/\/www.lehena.com\/es\/cursos-yoga-hendaya\/\"]}]},{\"@type\":\"ImageObject\",\"inLanguage\":\"es\",\"@id\":\"https:\/\/www.lehena.com\/es\/cursos-yoga-hendaya\/#primaryimage\",\"url\":\"https:\/\/www.lehena.com\/wp-content\/uploads\/2021\/06\/cours-yoga-hendaye-5.jpg\",\"contentUrl\":\"https:\/\/www.lehena.com\/wp-content\/uploads\/2021\/06\/cours-yoga-hendaye-5.jpg\",\"width\":1904,\"height\":400,\"caption\":\"cours yoga hendaye\"},{\"@type\":\"BreadcrumbList\",\"@id\":\"https:\/\/www.lehena.com\/es\/cursos-yoga-hendaya\/#breadcrumb\",\"itemListElement\":[{\"@type\":\"ListItem\",\"position\":1,\"name\":\"Ecole de surf Hendaye\",\"item\":\"https:\/\/www.lehena.com\/es\/\"},{\"@type\":\"ListItem\",\"position\":2,\"name\":\"Clases de yoga en el Pa\u00eds Vasco\"}]},{\"@type\":\"WebSite\",\"@id\":\"https:\/\/www.lehena.com\/es\/#website\",\"url\":\"https:\/\/www.lehena.com\/es\/\",\"name\":\"Lehena\",\"description\":\"\",\"publisher\":{\"@id\":\"https:\/\/www.lehena.com\/es\/#organization\"},\"potentialAction\":[{\"@type\":\"SearchAction\",\"target\":{\"@type\":\"EntryPoint\",\"urlTemplate\":\"https:\/\/www.lehena.com\/es\/?s={search_term_string}\"},\"query-input\":{\"@type\":\"PropertyValueSpecification\",\"valueRequired\":true,\"valueName\":\"search_term_string\"}}],\"inLanguage\":\"es\"},{\"@type\":\"Organization\",\"@id\":\"https:\/\/www.lehena.com\/es\/#organization\",\"name\":\"Ecole de surf Lehena\",\"url\":\"https:\/\/www.lehena.com\/es\/\",\"logo\":{\"@type\":\"ImageObject\",\"inLanguage\":\"es\",\"@id\":\"https:\/\/www.lehena.com\/es\/#\/schema\/logo\/image\/\",\"url\":\"https:\/\/www.lehena.com\/wp-content\/uploads\/2021\/06\/favicon.png\",\"contentUrl\":\"https:\/\/www.lehena.com\/wp-content\/uploads\/2021\/06\/favicon.png\",\"width\":290,\"height\":290,\"caption\":\"Ecole de surf Lehena\"},\"image\":{\"@id\":\"https:\/\/www.lehena.com\/es\/#\/schema\/logo\/image\/\"}}]}<\/script>\n<!-- \/ Yoast SEO plugin. -->","yoast_head_json":{"title":"Cursos de yoga en Hendaya | Cursos de yoga en el Pa\u00eds Vasco | Surf Yoga Costa Vasca","description":"Aprenda Surf y Yoga en la playa de Hendaya en el Pa\u00eds Vasco con la escuela de surf Lehena y Panya Yoga. El Surf Yoga combina dos actividades complementarias y beneficiosas para la salud...","robots":{"index":"index","follow":"follow","max-snippet":"max-snippet:-1","max-image-preview":"max-image-preview:large","max-video-preview":"max-video-preview:-1"},"canonical":"https:\/\/www.lehena.com\/es\/cursos-yoga-hendaya\/","og_locale":"es_ES","og_type":"article","og_title":"Cursos de yoga en Hendaya | Cursos de yoga en el Pa\u00eds Vasco | Surf Yoga Costa Vasca","og_description":"Aprenda Surf y Yoga en la playa de Hendaya en el Pa\u00eds Vasco con la escuela de surf Lehena y Panya Yoga. El Surf Yoga combina dos actividades complementarias y beneficiosas para la salud...","og_url":"https:\/\/www.lehena.com\/es\/cursos-yoga-hendaya\/","og_site_name":"Lehena","article_modified_time":"2023-05-30T14:18:24+00:00","og_image":[{"width":1904,"height":400,"url":"https:\/\/www.lehena.com\/wp-content\/uploads\/2021\/06\/cours-yoga-hendaye-5.jpg","type":"image\/jpeg"}],"twitter_card":"summary_large_image","schema":{"@context":"https:\/\/schema.org","@graph":[{"@type":"WebPage","@id":"https:\/\/www.lehena.com\/es\/cursos-yoga-hendaya\/","url":"https:\/\/www.lehena.com\/es\/cursos-yoga-hendaya\/","name":"Cursos de yoga en Hendaya | Cursos de yoga en el Pa\u00eds Vasco | Surf Yoga Costa Vasca","isPartOf":{"@id":"https:\/\/www.lehena.com\/es\/#website"},"primaryImageOfPage":{"@id":"https:\/\/www.lehena.com\/es\/cursos-yoga-hendaya\/#primaryimage"},"image":{"@id":"https:\/\/www.lehena.com\/es\/cursos-yoga-hendaya\/#primaryimage"},"thumbnailUrl":"https:\/\/www.lehena.com\/wp-content\/uploads\/2021\/06\/cours-yoga-hendaye-5.jpg","datePublished":"2021-05-24T08:07:45+00:00","dateModified":"2023-05-30T14:18:24+00:00","description":"Aprenda Surf y Yoga en la playa de Hendaya en el Pa\u00eds Vasco con la escuela de surf Lehena y Panya Yoga. El Surf Yoga combina dos actividades complementarias y beneficiosas para la salud...","breadcrumb":{"@id":"https:\/\/www.lehena.com\/es\/cursos-yoga-hendaya\/#breadcrumb"},"inLanguage":"es","potentialAction":[{"@type":"ReadAction","target":["https:\/\/www.lehena.com\/es\/cursos-yoga-hendaya\/"]}]},{"@type":"ImageObject","inLanguage":"es","@id":"https:\/\/www.lehena.com\/es\/cursos-yoga-hendaya\/#primaryimage","url":"https:\/\/www.lehena.com\/wp-content\/uploads\/2021\/06\/cours-yoga-hendaye-5.jpg","contentUrl":"https:\/\/www.lehena.com\/wp-content\/uploads\/2021\/06\/cours-yoga-hendaye-5.jpg","width":1904,"height":400,"caption":"cours yoga hendaye"},{"@type":"BreadcrumbList","@id":"https:\/\/www.lehena.com\/es\/cursos-yoga-hendaya\/#breadcrumb","itemListElement":[{"@type":"ListItem","position":1,"name":"Ecole de surf Hendaye","item":"https:\/\/www.lehena.com\/es\/"},{"@type":"ListItem","position":2,"name":"Clases de yoga en el Pa\u00eds Vasco"}]},{"@type":"WebSite","@id":"https:\/\/www.lehena.com\/es\/#website","url":"https:\/\/www.lehena.com\/es\/","name":"Lehena","description":"","publisher":{"@id":"https:\/\/www.lehena.com\/es\/#organization"},"potentialAction":[{"@type":"SearchAction","target":{"@type":"EntryPoint","urlTemplate":"https:\/\/www.lehena.com\/es\/?s={search_term_string}"},"query-input":{"@type":"PropertyValueSpecification","valueRequired":true,"valueName":"search_term_string"}}],"inLanguage":"es"},{"@type":"Organization","@id":"https:\/\/www.lehena.com\/es\/#organization","name":"Ecole de surf Lehena","url":"https:\/\/www.lehena.com\/es\/","logo":{"@type":"ImageObject","inLanguage":"es","@id":"https:\/\/www.lehena.com\/es\/#\/schema\/logo\/image\/","url":"https:\/\/www.lehena.com\/wp-content\/uploads\/2021\/06\/favicon.png","contentUrl":"https:\/\/www.lehena.com\/wp-content\/uploads\/2021\/06\/favicon.png","width":290,"height":290,"caption":"Ecole de surf Lehena"},"image":{"@id":"https:\/\/www.lehena.com\/es\/#\/schema\/logo\/image\/"}}]}},"_links":{"self":[{"href":"https:\/\/www.lehena.com\/es\/wp-json\/wp\/v2\/pages\/1372","targetHints":{"allow":["GET"]}}],"collection":[{"href":"https:\/\/www.lehena.com\/es\/wp-json\/wp\/v2\/pages"}],"about":[{"href":"https:\/\/www.lehena.com\/es\/wp-json\/wp\/v2\/types\/page"}],"author":[{"embeddable":true,"href":"https:\/\/www.lehena.com\/es\/wp-json\/wp\/v2\/users\/1"}],"replies":[{"embeddable":true,"href":"https:\/\/www.lehena.com\/es\/wp-json\/wp\/v2\/comments?post=1372"}],"version-history":[{"count":12,"href":"https:\/\/www.lehena.com\/es\/wp-json\/wp\/v2\/pages\/1372\/revisions"}],"predecessor-version":[{"id":2419,"href":"https:\/\/www.lehena.com\/es\/wp-json\/wp\/v2\/pages\/1372\/revisions\/2419"}],"wp:featuredmedia":[{"embeddable":true,"href":"https:\/\/www.lehena.com\/es\/wp-json\/wp\/v2\/media\/402"}],"wp:attachment":[{"href":"https:\/\/www.lehena.com\/es\/wp-json\/wp\/v2\/media?parent=1372"}],"curies":[{"name":"wp","href":"https:\/\/api.w.org\/{rel}","templated":true}]}}