{"id":1981,"date":"2021-05-24T10:07:28","date_gmt":"2021-05-24T08:07:28","guid":{"rendered":"https:\/\/www.lehena.com\/cheap-surf-courses-hendaye\/"},"modified":"2026-04-27T14:51:22","modified_gmt":"2026-04-27T12:51:22","slug":"cursos-surf-baratos-hendaya","status":"publish","type":"page","link":"https:\/\/www.lehena.com\/es\/cursos-surf-baratos-hendaya\/","title":{"rendered":"Tarifs"},"content":{"rendered":"<section id=\"section-60e30135e7349\"\" class=\"section third-home bg-white\" \/><div class=\"container extralarge\"><h1 class=\"element section-title center\">Nuestros cursos de surf en Hendaya<\/h1><div class=\"element images\"><div class=\"image\"><img decoding=\"async\" src=\"https:\/\/www.lehena.com\/wp-content\/uploads\/2021\/05\/surf-lehena-100x8.png\" data-src=\"https:\/\/www.lehena.com\/wp-content\/uploads\/2021\/05\/surf-lehena.png\" alt=\"cours de surf pays basque\" class=\"images_image\" \/><\/div><\/div><\/div><\/section>\n\n<section id=\"section-60e30135e77f7\"\" class=\"section bg-white p-t-0 p-b-0\" \/><div class=\"container full\"><div class=\"colonnes-wrap valign-middle \"><div class=\"element colonne w-20 p-0\"><div class=\"element images\"><div class=\"image\"><img decoding=\"async\" src=\"https:\/\/www.lehena.com\/wp-content\/uploads\/2021\/07\/photo-surf-hendaye-100x100.jpg\" data-src=\"https:\/\/www.lehena.com\/wp-content\/uploads\/2021\/07\/photo-surf-hendaye.jpg\" alt=\"photo surf hendaye\" class=\"images_image\" \/><\/div><\/div><div class=\"element images\"><div class=\"image\"><img decoding=\"async\" src=\"https:\/\/www.lehena.com\/wp-content\/uploads\/2021\/07\/photographies-surf-hendaye-100x100.jpg\" data-src=\"https:\/\/www.lehena.com\/wp-content\/uploads\/2021\/07\/photographies-surf-hendaye.jpg\" alt=\"photographies surf hendaye\" class=\"images_image\" \/><\/div><\/div><\/div><div class=\"element colonne w-60 p-x-6 p-y-4\"><h2 class=\"element section-title center\">Nuestros precios de las clases de surf en grupo en el Pa\u00eds Vasco<\/h2><div class=\"element bloc-text center \">\n\t<p><strong class=\"bold color1\">8 personas m\u00e1ximo &#8211; Duraci\u00f3n: 2h (incluyendo 1h30 de actividad de Surf)<\/strong><\/p>\n<p>Los <strong class=\"bold color1\">precios de las clases y cursos de surf en Hendaya<\/strong> de su escuela de surf de Hendaya.<\/p>\n<ul>\n<li>1 curso : 40\u20ac<\/li>\n<li>2 curso : 80\u20ac<\/li>\n<li>3 curso : 115\u20ac<\/li>\n<li>4 curso  : 150\u20ac<\/li>\n<li>5 curso : 175\u20ac<\/li>\n<\/ul>\n<p>Ofrecemos <strong class=\"bold color1\">tarifas decrecientes para familias<\/strong>.<\/p>\n<p>Los diferentes paquetes incluyen el pr\u00e9stamo de material (tabla de surf y traje de neopreno) as\u00ed como 30 minutos de preparaci\u00f3n para equiparse y cambiarse, antes y despu\u00e9s de la actividad.<\/p>\n<\/div><\/div><div class=\"element colonne w-20 p-0\"><div class=\"element images\"><div class=\"image\"><img decoding=\"async\" src=\"https:\/\/www.lehena.com\/wp-content\/uploads\/2021\/07\/stage-surf-hendaye-1-100x100.jpg\" data-src=\"https:\/\/www.lehena.com\/wp-content\/uploads\/2021\/07\/stage-surf-hendaye-1.jpg\" alt=\"stage surf hendaye\" class=\"images_image\" \/><\/div><\/div><div class=\"element images\"><div class=\"image\"><img decoding=\"async\" src=\"https:\/\/www.lehena.com\/wp-content\/uploads\/2021\/07\/cours-surf-collectif-hendaye-1-100x100.jpg\" data-src=\"https:\/\/www.lehena.com\/wp-content\/uploads\/2021\/07\/cours-surf-collectif-hendaye-1.jpg\" alt=\"tarif cours collectifs surf\" class=\"images_image\" \/><\/div><\/div><\/div><\/div><\/div><\/section>\n\n<section id=\"section-60e4496839b85\"\" class=\"section bg-color1 p-t-0 p-b-0\" \/><div class=\"container full\"><div class=\"colonnes-wrap valign-middle \"><div class=\"element colonne p-0\"><div class=\"element images\"><div class=\"image\"><img decoding=\"async\" src=\"https:\/\/www.lehena.com\/wp-content\/uploads\/2021\/07\/cours-surf-particulier-hendaye-100x68.jpg\" data-src=\"https:\/\/www.lehena.com\/wp-content\/uploads\/2021\/07\/cours-surf-particulier-hendaye.jpg\" alt=\"cours surf particulier hendaye\" class=\"images_image\" \/><\/div><\/div><\/div><div class=\"element colonne p-x-8 p-y-10\"><h2 class=\"element section-title center\">Nuestros precios de las clases particulares de surf en el Pa\u00eds Vasco<\/h2><div class=\"element bloc-text left white\">\n\t<p>Las <a href=\"\/es\/clases-surf-hendaya\/\">clases particulares de surf en el Pa\u00eds Vasco<\/a> <strong class=\"bold color3\">duran 1h30<\/strong> e incluyen 1h de actividad de surf<\/p>\n<ul>\n<li>1 persona : 100\u20ac<\/li>\n<li>2 personas : 150\u20ac<\/li>\n<li>3 personas : 180\u20ac<\/li>\n<li>4 personas : 200\u20ac<\/li>\n<\/ul>\n<p>Todas las tarifas de nuestros cursos incluyen seguro y pr\u00e9stamo de material.<\/p>\n<p>Precios de las <a href=\"\/es\/clases-surf-groupos-hendaya\/\">clases de surf en grupo en Hendaya<\/a> sobre presupuesto. No dude en ponerse en contacto con nosotros para conocer los precios de los <a href=\"\/es\/handi-surf-hendaya\/\">cursos de handisurf en el Pa\u00eds Vasco<\/a> pero tambi\u00e9n de <a href=\"\/es\/cursos-yoga-hendaya\/\">yoga en Hendaya<\/a>.<\/p>\n<\/div><\/div><\/div><\/div><\/section>\n\n<section id=\"section-60f7d6eb7d05e\"\" class=\"section bg-white p-t-0\" \/><div class=\"container full\"><div class=\"colonnes-wrap valign-middle \"><div class=\"element colonne w-20 p-0\"><div class=\"element images\"><div class=\"image\"><img decoding=\"async\" src=\"https:\/\/www.lehena.com\/wp-content\/uploads\/2021\/07\/location-materiel-surf-pays-basque-1-100x100.jpg\" data-src=\"https:\/\/www.lehena.com\/wp-content\/uploads\/2021\/07\/location-materiel-surf-pays-basque-1.jpg\" alt=\"location-materiel surf pays basque\" class=\"images_image\" \/><\/div><\/div><div class=\"element images\"><div class=\"image\"><img decoding=\"async\" src=\"https:\/\/www.lehena.com\/wp-content\/uploads\/2021\/07\/louer-surf-hendaye-100x97.jpg\" data-src=\"https:\/\/www.lehena.com\/wp-content\/uploads\/2021\/07\/louer-surf-hendaye.jpg\" alt=\"louer surf hendaye\" class=\"images_image\" \/><\/div><\/div><\/div><div class=\"element colonne w-60 p-x-6 p-y-4\"><h2 class=\"element section-title center\">Nuestras tarifas de alquiler de material de surf<\/h2><div class=\"element images\"><div class=\"image\"><img decoding=\"async\" src=\"https:\/\/www.lehena.com\/wp-content\/uploads\/2025\/01\/tarifs-lehena-2025-1-100x53.jpg\" data-src=\"https:\/\/www.lehena.com\/wp-content\/uploads\/2025\/01\/tarifs-lehena-2025-1.jpg\" alt=\"\" class=\"images_image\" \/><\/div><\/div><div class=\"element bloc-text justify \">\n\t<p><strong class=\"bold color1\">INFORMACIONES:<\/strong><\/p>\n<ul>\n<li>Se solicitar\u00e1 un documento de identidad como dep\u00f3sito para todo el <a href=\"\/es\/alquiler-surf-hendaya\/\">alquiler de equipos en Hendaya<\/a>.<\/li>\n<li>Por cualquier da\u00f1o en el equipo alquilado, nos reservamos el derecho de cobrar la reparaci\u00f3n.<\/li>\n<li>Por cada hora iniciada se cobrar\u00e1 una tarifa por la reparaci\u00f3n.\n<li>Se cobrar\u00e1 la hora que se inicie.<\/li>\n<p>.\n<\/ul>\n<\/div><\/div><div class=\"element colonne w-20 p-0\"><div class=\"element images\"><div class=\"image\"><img decoding=\"async\" src=\"https:\/\/www.lehena.com\/wp-content\/uploads\/2021\/07\/location-planche-mousse-hendaye-100x97.jpg\" data-src=\"https:\/\/www.lehena.com\/wp-content\/uploads\/2021\/07\/location-planche-mousse-hendaye.jpg\" alt=\"location planche mousse hendaye\" class=\"images_image\" \/><\/div><\/div><div class=\"element images\"><div class=\"image\"><img decoding=\"async\" src=\"https:\/\/www.lehena.com\/wp-content\/uploads\/2021\/07\/location-surf-hendaye-2-100x100.jpg\" data-src=\"https:\/\/www.lehena.com\/wp-content\/uploads\/2021\/07\/location-surf-hendaye-2.jpg\" alt=\"location surf hendaye\" class=\"images_image\" \/><\/div><\/div><\/div><\/div><\/div><\/section>\n\n<section id=\"section-60e3069ce5b60\"\" class=\"section bg-white\" \/><div class=\"container extralarge\"><div class=\"element section-title center titre-cta\">NUESTROS CURSOS DE SURF, ACOGIDA DE GRUPOS Y ALQUILER DE MATERIAL<\/div><ul class=\"liste-de-page\"><li class=\"element call-to-action carre call-to-action--style-1 call-to-action--big\"><a href=\"https:\/\/www.lehena.com\/es\/clases-surf-hendaya\/\"  class=\"call-to-action_link\" title=\"M\u00e1s informaci\u00f3n clases particulares y en grupo\"><div class=\"call-to-action_image\"><img decoding=\"async\" src=\"https:\/\/www.lehena.com\/wp-content\/uploads\/2021\/07\/cours-surf-collectif-pays-basque-100x97.jpg\" data-src=\"https:\/\/www.lehena.com\/wp-content\/uploads\/2021\/07\/cours-surf-collectif-pays-basque.jpg\" alt=\"cours surf collectif\" class=\"big\" \/><\/div><div class=\"call-to-action_contenu\"><div class=\"call-to-action_titre\">Clases particulares y en grupo<\/div><\/div><\/a><\/li><li class=\"element call-to-action carre call-to-action--style-1 call-to-action--big call-to-action--style-1 call-to-action--big\"><a href=\"https:\/\/www.lehena.com\/es\/clases-surf-groupos-hendaya\/\"  class=\"call-to-action_link\" title=\"M\u00e1s informaci\u00f3n grupos \/ ce \/ evg evjf\"><div class=\"call-to-action_image\"><img decoding=\"async\" src=\"https:\/\/www.lehena.com\/wp-content\/uploads\/2021\/05\/apprendre-a-surfer-hendaye-100x53.jpg\" data-src=\"https:\/\/www.lehena.com\/wp-content\/uploads\/2021\/05\/apprendre-a-surfer-hendaye.jpg\" alt=\"apprendre a surfer hendaye\" class=\"big\" \/><\/div><div class=\"call-to-action_contenu\"><div class=\"call-to-action_titre\">Grupos \/ CE \/ EVG EVJF<\/div><\/div><\/a><\/li><li class=\"element call-to-action carre call-to-action--style-1 call-to-action--big call-to-action--style-1 call-to-action--big call-to-action--style-1 call-to-action--big\"><a href=\"https:\/\/www.lehena.com\/es\/alquiler-surf-hendaya\/\"  class=\"call-to-action_link\" title=\"M\u00e1s informaci\u00f3n alquiler de material de surf\"><div class=\"call-to-action_image\"><img decoding=\"async\" src=\"https:\/\/www.lehena.com\/wp-content\/uploads\/2021\/07\/location-materiel-surf-hendaye-100x51.jpg\" data-src=\"https:\/\/www.lehena.com\/wp-content\/uploads\/2021\/07\/location-materiel-surf-hendaye.jpg\" alt=\"location materiel surf hendaye\" class=\"big\" \/><\/div><div class=\"call-to-action_contenu\"><div class=\"call-to-action_titre\">Alquiler de material de surf<\/div><\/div><\/a><\/li><\/ul><\/div><\/section>","protected":false},"excerpt":{"rendered":"","protected":false},"author":1,"featured_media":1109,"parent":0,"menu_order":0,"comment_status":"closed","ping_status":"closed","template":"","meta":{"_acf_changed":false,"footnotes":""},"class_list":["post-1981","page","type-page","status-publish","has-post-thumbnail","hentry"],"acf":[],"yoast_head":"<!-- This site is optimized with the Yoast SEO plugin v25.3 - https:\/\/yoast.com\/wordpress\/plugins\/seo\/ -->\n<title>Cursos de surf baratos Hendaya | Precios escuela de surf Hendaya, Pa\u00eds Vasco<\/title>\n<meta name=\"description\" content=\"Consulta los precios de la escuela de surf Lehena en Hendaya y benef\u00edciate de los mejores precios para aprender o progresar en el surf en Hendaya.\" \/>\n<meta name=\"robots\" content=\"index, follow, max-snippet:-1, max-image-preview:large, max-video-preview:-1\" \/>\n<link rel=\"canonical\" href=\"https:\/\/www.lehena.com\/es\/cursos-surf-baratos-hendaya\/\" \/>\n<meta property=\"og:locale\" content=\"es_ES\" \/>\n<meta property=\"og:type\" content=\"article\" \/>\n<meta property=\"og:title\" content=\"Cursos de surf baratos Hendaya | Precios escuela de surf Hendaya, Pa\u00eds Vasco\" \/>\n<meta property=\"og:description\" content=\"Consulta los precios de la escuela de surf Lehena en Hendaya y benef\u00edciate de los mejores precios para aprender o progresar en el surf en Hendaya.\" \/>\n<meta property=\"og:url\" content=\"https:\/\/www.lehena.com\/es\/cursos-surf-baratos-hendaya\/\" \/>\n<meta property=\"og:site_name\" content=\"Lehena\" \/>\n<meta property=\"article:modified_time\" content=\"2026-04-27T12:51:22+00:00\" \/>\n<meta property=\"og:image\" content=\"https:\/\/www.lehena.com\/wp-content\/uploads\/2021\/07\/cours-surf-pas-cher-pays-basque.jpg\" \/>\n\t<meta property=\"og:image:width\" content=\"1900\" \/>\n\t<meta property=\"og:image:height\" content=\"400\" \/>\n\t<meta property=\"og:image:type\" content=\"image\/jpeg\" \/>\n<meta name=\"twitter:card\" content=\"summary_large_image\" \/>\n<script type=\"application\/ld+json\" class=\"yoast-schema-graph\">{\"@context\":\"https:\/\/schema.org\",\"@graph\":[{\"@type\":\"WebPage\",\"@id\":\"https:\/\/www.lehena.com\/es\/cursos-surf-baratos-hendaya\/\",\"url\":\"https:\/\/www.lehena.com\/es\/cursos-surf-baratos-hendaya\/\",\"name\":\"Cursos de surf baratos Hendaya | Precios escuela de surf Hendaya, Pa\u00eds Vasco\",\"isPartOf\":{\"@id\":\"https:\/\/www.lehena.com\/es\/#website\"},\"primaryImageOfPage\":{\"@id\":\"https:\/\/www.lehena.com\/es\/cursos-surf-baratos-hendaya\/#primaryimage\"},\"image\":{\"@id\":\"https:\/\/www.lehena.com\/es\/cursos-surf-baratos-hendaya\/#primaryimage\"},\"thumbnailUrl\":\"https:\/\/www.lehena.com\/wp-content\/uploads\/2021\/07\/cours-surf-pas-cher-pays-basque.jpg\",\"datePublished\":\"2021-05-24T08:07:28+00:00\",\"dateModified\":\"2026-04-27T12:51:22+00:00\",\"description\":\"Consulta los precios de la escuela de surf Lehena en Hendaya y benef\u00edciate de los mejores precios para aprender o progresar en el surf en Hendaya.\",\"breadcrumb\":{\"@id\":\"https:\/\/www.lehena.com\/es\/cursos-surf-baratos-hendaya\/#breadcrumb\"},\"inLanguage\":\"es\",\"potentialAction\":[{\"@type\":\"ReadAction\",\"target\":[\"https:\/\/www.lehena.com\/es\/cursos-surf-baratos-hendaya\/\"]}]},{\"@type\":\"ImageObject\",\"inLanguage\":\"es\",\"@id\":\"https:\/\/www.lehena.com\/es\/cursos-surf-baratos-hendaya\/#primaryimage\",\"url\":\"https:\/\/www.lehena.com\/wp-content\/uploads\/2021\/07\/cours-surf-pas-cher-pays-basque.jpg\",\"contentUrl\":\"https:\/\/www.lehena.com\/wp-content\/uploads\/2021\/07\/cours-surf-pas-cher-pays-basque.jpg\",\"width\":1900,\"height\":400,\"caption\":\"cours surf pas cher pays basque\"},{\"@type\":\"BreadcrumbList\",\"@id\":\"https:\/\/www.lehena.com\/es\/cursos-surf-baratos-hendaya\/#breadcrumb\",\"itemListElement\":[{\"@type\":\"ListItem\",\"position\":1,\"name\":\"Ecole de surf Hendaye\",\"item\":\"https:\/\/www.lehena.com\/es\/\"},{\"@type\":\"ListItem\",\"position\":2,\"name\":\"Precios de las clases y cursos de surf en el Pa\u00eds Vasco\"}]},{\"@type\":\"WebSite\",\"@id\":\"https:\/\/www.lehena.com\/es\/#website\",\"url\":\"https:\/\/www.lehena.com\/es\/\",\"name\":\"Lehena\",\"description\":\"\",\"publisher\":{\"@id\":\"https:\/\/www.lehena.com\/es\/#organization\"},\"potentialAction\":[{\"@type\":\"SearchAction\",\"target\":{\"@type\":\"EntryPoint\",\"urlTemplate\":\"https:\/\/www.lehena.com\/es\/?s={search_term_string}\"},\"query-input\":{\"@type\":\"PropertyValueSpecification\",\"valueRequired\":true,\"valueName\":\"search_term_string\"}}],\"inLanguage\":\"es\"},{\"@type\":\"Organization\",\"@id\":\"https:\/\/www.lehena.com\/es\/#organization\",\"name\":\"Ecole de surf Lehena\",\"url\":\"https:\/\/www.lehena.com\/es\/\",\"logo\":{\"@type\":\"ImageObject\",\"inLanguage\":\"es\",\"@id\":\"https:\/\/www.lehena.com\/es\/#\/schema\/logo\/image\/\",\"url\":\"https:\/\/www.lehena.com\/wp-content\/uploads\/2021\/06\/favicon.png\",\"contentUrl\":\"https:\/\/www.lehena.com\/wp-content\/uploads\/2021\/06\/favicon.png\",\"width\":290,\"height\":290,\"caption\":\"Ecole de surf Lehena\"},\"image\":{\"@id\":\"https:\/\/www.lehena.com\/es\/#\/schema\/logo\/image\/\"}}]}<\/script>\n<!-- \/ Yoast SEO plugin. -->","yoast_head_json":{"title":"Cursos de surf baratos Hendaya | Precios escuela de surf Hendaya, Pa\u00eds Vasco","description":"Consulta los precios de la escuela de surf Lehena en Hendaya y benef\u00edciate de los mejores precios para aprender o progresar en el surf en Hendaya.","robots":{"index":"index","follow":"follow","max-snippet":"max-snippet:-1","max-image-preview":"max-image-preview:large","max-video-preview":"max-video-preview:-1"},"canonical":"https:\/\/www.lehena.com\/es\/cursos-surf-baratos-hendaya\/","og_locale":"es_ES","og_type":"article","og_title":"Cursos de surf baratos Hendaya | Precios escuela de surf Hendaya, Pa\u00eds Vasco","og_description":"Consulta los precios de la escuela de surf Lehena en Hendaya y benef\u00edciate de los mejores precios para aprender o progresar en el surf en Hendaya.","og_url":"https:\/\/www.lehena.com\/es\/cursos-surf-baratos-hendaya\/","og_site_name":"Lehena","article_modified_time":"2026-04-27T12:51:22+00:00","og_image":[{"width":1900,"height":400,"url":"https:\/\/www.lehena.com\/wp-content\/uploads\/2021\/07\/cours-surf-pas-cher-pays-basque.jpg","type":"image\/jpeg"}],"twitter_card":"summary_large_image","schema":{"@context":"https:\/\/schema.org","@graph":[{"@type":"WebPage","@id":"https:\/\/www.lehena.com\/es\/cursos-surf-baratos-hendaya\/","url":"https:\/\/www.lehena.com\/es\/cursos-surf-baratos-hendaya\/","name":"Cursos de surf baratos Hendaya | Precios escuela de surf Hendaya, Pa\u00eds Vasco","isPartOf":{"@id":"https:\/\/www.lehena.com\/es\/#website"},"primaryImageOfPage":{"@id":"https:\/\/www.lehena.com\/es\/cursos-surf-baratos-hendaya\/#primaryimage"},"image":{"@id":"https:\/\/www.lehena.com\/es\/cursos-surf-baratos-hendaya\/#primaryimage"},"thumbnailUrl":"https:\/\/www.lehena.com\/wp-content\/uploads\/2021\/07\/cours-surf-pas-cher-pays-basque.jpg","datePublished":"2021-05-24T08:07:28+00:00","dateModified":"2026-04-27T12:51:22+00:00","description":"Consulta los precios de la escuela de surf Lehena en Hendaya y benef\u00edciate de los mejores precios para aprender o progresar en el surf en Hendaya.","breadcrumb":{"@id":"https:\/\/www.lehena.com\/es\/cursos-surf-baratos-hendaya\/#breadcrumb"},"inLanguage":"es","potentialAction":[{"@type":"ReadAction","target":["https:\/\/www.lehena.com\/es\/cursos-surf-baratos-hendaya\/"]}]},{"@type":"ImageObject","inLanguage":"es","@id":"https:\/\/www.lehena.com\/es\/cursos-surf-baratos-hendaya\/#primaryimage","url":"https:\/\/www.lehena.com\/wp-content\/uploads\/2021\/07\/cours-surf-pas-cher-pays-basque.jpg","contentUrl":"https:\/\/www.lehena.com\/wp-content\/uploads\/2021\/07\/cours-surf-pas-cher-pays-basque.jpg","width":1900,"height":400,"caption":"cours surf pas cher pays basque"},{"@type":"BreadcrumbList","@id":"https:\/\/www.lehena.com\/es\/cursos-surf-baratos-hendaya\/#breadcrumb","itemListElement":[{"@type":"ListItem","position":1,"name":"Ecole de surf Hendaye","item":"https:\/\/www.lehena.com\/es\/"},{"@type":"ListItem","position":2,"name":"Precios de las clases y cursos de surf en el Pa\u00eds Vasco"}]},{"@type":"WebSite","@id":"https:\/\/www.lehena.com\/es\/#website","url":"https:\/\/www.lehena.com\/es\/","name":"Lehena","description":"","publisher":{"@id":"https:\/\/www.lehena.com\/es\/#organization"},"potentialAction":[{"@type":"SearchAction","target":{"@type":"EntryPoint","urlTemplate":"https:\/\/www.lehena.com\/es\/?s={search_term_string}"},"query-input":{"@type":"PropertyValueSpecification","valueRequired":true,"valueName":"search_term_string"}}],"inLanguage":"es"},{"@type":"Organization","@id":"https:\/\/www.lehena.com\/es\/#organization","name":"Ecole de surf Lehena","url":"https:\/\/www.lehena.com\/es\/","logo":{"@type":"ImageObject","inLanguage":"es","@id":"https:\/\/www.lehena.com\/es\/#\/schema\/logo\/image\/","url":"https:\/\/www.lehena.com\/wp-content\/uploads\/2021\/06\/favicon.png","contentUrl":"https:\/\/www.lehena.com\/wp-content\/uploads\/2021\/06\/favicon.png","width":290,"height":290,"caption":"Ecole de surf Lehena"},"image":{"@id":"https:\/\/www.lehena.com\/es\/#\/schema\/logo\/image\/"}}]}},"_links":{"self":[{"href":"https:\/\/www.lehena.com\/es\/wp-json\/wp\/v2\/pages\/1981","targetHints":{"allow":["GET"]}}],"collection":[{"href":"https:\/\/www.lehena.com\/es\/wp-json\/wp\/v2\/pages"}],"about":[{"href":"https:\/\/www.lehena.com\/es\/wp-json\/wp\/v2\/types\/page"}],"author":[{"embeddable":true,"href":"https:\/\/www.lehena.com\/es\/wp-json\/wp\/v2\/users\/1"}],"replies":[{"embeddable":true,"href":"https:\/\/www.lehena.com\/es\/wp-json\/wp\/v2\/comments?post=1981"}],"version-history":[{"count":20,"href":"https:\/\/www.lehena.com\/es\/wp-json\/wp\/v2\/pages\/1981\/revisions"}],"predecessor-version":[{"id":2777,"href":"https:\/\/www.lehena.com\/es\/wp-json\/wp\/v2\/pages\/1981\/revisions\/2777"}],"wp:featuredmedia":[{"embeddable":true,"href":"https:\/\/www.lehena.com\/es\/wp-json\/wp\/v2\/media\/1109"}],"wp:attachment":[{"href":"https:\/\/www.lehena.com\/es\/wp-json\/wp\/v2\/media?parent=1981"}],"curies":[{"name":"wp","href":"https:\/\/api.w.org\/{rel}","templated":true}]}}